{"id":1369,"date":"2017-09-27T10:52:03","date_gmt":"2017-09-27T10:52:03","guid":{"rendered":"http:\/\/lamello.hu\/unsere-produkte\/accerno\/"},"modified":"2025-07-24T06:09:24","modified_gmt":"2025-07-24T06:09:24","slug":"acerno","status":"publish","type":"page","link":"https:\/\/www.lamello.hu\/de\/unsere-produkte\/acerno\/","title":{"rendered":"Acerno"},"content":{"rendered":"<p>Unsere Acerno-M\u00f6belkollektion besticht durch ihr modernes, horizontal verlaufendes Design, das ihr eine besonders exklusive Ausstrahlung verleiht! Die Oberfl\u00e4che aus massiver Eiche wird mit nat\u00fcrlichem M\u00f6bel\u00f6l behandelt und ist in zwei Farbvarianten erh\u00e4ltlich: Natur und Bianco Wei\u00df. Passend zum Holz haben wir dekorative Elemente aus geb\u00fcrstetem Stahl und Aluminium verwendet.<\/p>\n","protected":false},"excerpt":{"rendered":"<p>Unsere Acerno-M\u00f6belkollektion besticht durch ihr modernes, horizontal verlaufendes Design, das ihr eine besonders exklusive Ausstrahlung verleiht! Die Oberfl\u00e4che aus massiver Eiche wird mit nat\u00fcrlichem M\u00f6bel\u00f6l behandelt und ist in zwei Farbvarianten erh\u00e4ltlich: Natur und Bianco Wei\u00df. Passend zum Holz haben wir dekorative Elemente aus geb\u00fcrstetem Stahl und Aluminium verwendet.<\/p>\n","protected":false},"author":1,"featured_media":563,"parent":1348,"menu_order":3,"comment_status":"open","ping_status":"open","template":"page-templates\/page-termekcsalad.php","meta":{"_acf_changed":false,"footnotes":""},"class_list":["post-1369","page","type-page","status-publish","has-post-thumbnail","hentry"],"acf":[],"yoast_head":"<!-- This site is optimized with the Yoast SEO plugin v26.0 - https:\/\/yoast.com\/wordpress\/plugins\/seo\/ -->\n<title>Acerno - Lamello<\/title>\n<meta name=\"robots\" content=\"index, follow, max-snippet:-1, max-image-preview:large, max-video-preview:-1\" \/>\n<link rel=\"canonical\" href=\"https:\/\/www.lamello.hu\/de\/unsere-produkte\/acerno\/\" \/>\n<meta property=\"og:locale\" content=\"de_DE\" \/>\n<meta property=\"og:type\" content=\"article\" \/>\n<meta property=\"og:title\" content=\"Acerno - Lamello\" \/>\n<meta property=\"og:description\" content=\"Unsere Acerno-M\u00f6belkollektion besticht durch ihr modernes, horizontal verlaufendes Design, das ihr eine besonders exklusive Ausstrahlung verleiht! Die Oberfl\u00e4che aus massiver Eiche wird mit nat\u00fcrlichem M\u00f6bel\u00f6l behandelt und ist in zwei Farbvarianten erh\u00e4ltlich: Natur und Bianco Wei\u00df. Passend zum Holz haben wir dekorative Elemente aus geb\u00fcrstetem Stahl und Aluminium verwendet.\" \/>\n<meta property=\"og:url\" content=\"https:\/\/www.lamello.hu\/de\/unsere-produkte\/acerno\/\" \/>\n<meta property=\"og:site_name\" content=\"Lamello\" \/>\n<meta property=\"article:modified_time\" content=\"2025-07-24T06:09:24+00:00\" \/>\n<meta property=\"og:image\" content=\"https:\/\/www.lamello.hu\/wp-content\/uploads\/2017\/09\/accerno-hero.jpg\" \/>\n\t<meta property=\"og:image:width\" content=\"1920\" \/>\n\t<meta property=\"og:image:height\" content=\"728\" \/>\n\t<meta property=\"og:image:type\" content=\"image\/jpeg\" \/>\n<meta name=\"twitter:card\" content=\"summary_large_image\" \/>\n<meta name=\"twitter:label1\" content=\"Gesch\u00e4tzte Lesezeit\" \/>\n\t<meta name=\"twitter:data1\" content=\"1\u00a0Minute\" \/>\n<script type=\"application\/ld+json\" class=\"yoast-schema-graph\">{\"@context\":\"https:\/\/schema.org\",\"@graph\":[{\"@type\":\"WebPage\",\"@id\":\"https:\/\/www.lamello.hu\/de\/unsere-produkte\/acerno\/\",\"url\":\"https:\/\/www.lamello.hu\/de\/unsere-produkte\/acerno\/\",\"name\":\"Acerno - Lamello\",\"isPartOf\":{\"@id\":\"https:\/\/www.lamello.hu\/#website\"},\"primaryImageOfPage\":{\"@id\":\"https:\/\/www.lamello.hu\/de\/unsere-produkte\/acerno\/#primaryimage\"},\"image\":{\"@id\":\"https:\/\/www.lamello.hu\/de\/unsere-produkte\/acerno\/#primaryimage\"},\"thumbnailUrl\":\"https:\/\/www.lamello.hu\/wp-content\/uploads\/2017\/09\/accerno-hero.jpg\",\"datePublished\":\"2017-09-27T10:52:03+00:00\",\"dateModified\":\"2025-07-24T06:09:24+00:00\",\"breadcrumb\":{\"@id\":\"https:\/\/www.lamello.hu\/de\/unsere-produkte\/acerno\/#breadcrumb\"},\"inLanguage\":\"de\",\"potentialAction\":[{\"@type\":\"ReadAction\",\"target\":[\"https:\/\/www.lamello.hu\/de\/unsere-produkte\/acerno\/\"]}]},{\"@type\":\"ImageObject\",\"inLanguage\":\"de\",\"@id\":\"https:\/\/www.lamello.hu\/de\/unsere-produkte\/acerno\/#primaryimage\",\"url\":\"https:\/\/www.lamello.hu\/wp-content\/uploads\/2017\/09\/accerno-hero.jpg\",\"contentUrl\":\"https:\/\/www.lamello.hu\/wp-content\/uploads\/2017\/09\/accerno-hero.jpg\",\"width\":1920,\"height\":728},{\"@type\":\"BreadcrumbList\",\"@id\":\"https:\/\/www.lamello.hu\/de\/unsere-produkte\/acerno\/#breadcrumb\",\"itemListElement\":[{\"@type\":\"ListItem\",\"position\":1,\"name\":\"Home\",\"item\":\"https:\/\/www.lamello.hu\/de\/\"},{\"@type\":\"ListItem\",\"position\":2,\"name\":\"Unsere Produkte\",\"item\":\"https:\/\/www.lamello.hu\/de\/unsere-produkte\/\"},{\"@type\":\"ListItem\",\"position\":3,\"name\":\"Acerno\"}]},{\"@type\":\"WebSite\",\"@id\":\"https:\/\/www.lamello.hu\/#website\",\"url\":\"https:\/\/www.lamello.hu\/\",\"name\":\"Lamello\",\"description\":\"B\u00fator\",\"potentialAction\":[{\"@type\":\"SearchAction\",\"target\":{\"@type\":\"EntryPoint\",\"urlTemplate\":\"https:\/\/www.lamello.hu\/?s={search_term_string}\"},\"query-input\":{\"@type\":\"PropertyValueSpecification\",\"valueRequired\":true,\"valueName\":\"search_term_string\"}}],\"inLanguage\":\"de\"}]}<\/script>\n<!-- \/ Yoast SEO plugin. -->","yoast_head_json":{"title":"Acerno - Lamello","robots":{"index":"index","follow":"follow","max-snippet":"max-snippet:-1","max-image-preview":"max-image-preview:large","max-video-preview":"max-video-preview:-1"},"canonical":"https:\/\/www.lamello.hu\/de\/unsere-produkte\/acerno\/","og_locale":"de_DE","og_type":"article","og_title":"Acerno - Lamello","og_description":"Unsere Acerno-M\u00f6belkollektion besticht durch ihr modernes, horizontal verlaufendes Design, das ihr eine besonders exklusive Ausstrahlung verleiht! Die Oberfl\u00e4che aus massiver Eiche wird mit nat\u00fcrlichem M\u00f6bel\u00f6l behandelt und ist in zwei Farbvarianten erh\u00e4ltlich: Natur und Bianco Wei\u00df. Passend zum Holz haben wir dekorative Elemente aus geb\u00fcrstetem Stahl und Aluminium verwendet.","og_url":"https:\/\/www.lamello.hu\/de\/unsere-produkte\/acerno\/","og_site_name":"Lamello","article_modified_time":"2025-07-24T06:09:24+00:00","og_image":[{"width":1920,"height":728,"url":"https:\/\/www.lamello.hu\/wp-content\/uploads\/2017\/09\/accerno-hero.jpg","type":"image\/jpeg"}],"twitter_card":"summary_large_image","twitter_misc":{"Gesch\u00e4tzte Lesezeit":"1\u00a0Minute"},"schema":{"@context":"https:\/\/schema.org","@graph":[{"@type":"WebPage","@id":"https:\/\/www.lamello.hu\/de\/unsere-produkte\/acerno\/","url":"https:\/\/www.lamello.hu\/de\/unsere-produkte\/acerno\/","name":"Acerno - Lamello","isPartOf":{"@id":"https:\/\/www.lamello.hu\/#website"},"primaryImageOfPage":{"@id":"https:\/\/www.lamello.hu\/de\/unsere-produkte\/acerno\/#primaryimage"},"image":{"@id":"https:\/\/www.lamello.hu\/de\/unsere-produkte\/acerno\/#primaryimage"},"thumbnailUrl":"https:\/\/www.lamello.hu\/wp-content\/uploads\/2017\/09\/accerno-hero.jpg","datePublished":"2017-09-27T10:52:03+00:00","dateModified":"2025-07-24T06:09:24+00:00","breadcrumb":{"@id":"https:\/\/www.lamello.hu\/de\/unsere-produkte\/acerno\/#breadcrumb"},"inLanguage":"de","potentialAction":[{"@type":"ReadAction","target":["https:\/\/www.lamello.hu\/de\/unsere-produkte\/acerno\/"]}]},{"@type":"ImageObject","inLanguage":"de","@id":"https:\/\/www.lamello.hu\/de\/unsere-produkte\/acerno\/#primaryimage","url":"https:\/\/www.lamello.hu\/wp-content\/uploads\/2017\/09\/accerno-hero.jpg","contentUrl":"https:\/\/www.lamello.hu\/wp-content\/uploads\/2017\/09\/accerno-hero.jpg","width":1920,"height":728},{"@type":"BreadcrumbList","@id":"https:\/\/www.lamello.hu\/de\/unsere-produkte\/acerno\/#breadcrumb","itemListElement":[{"@type":"ListItem","position":1,"name":"Home","item":"https:\/\/www.lamello.hu\/de\/"},{"@type":"ListItem","position":2,"name":"Unsere Produkte","item":"https:\/\/www.lamello.hu\/de\/unsere-produkte\/"},{"@type":"ListItem","position":3,"name":"Acerno"}]},{"@type":"WebSite","@id":"https:\/\/www.lamello.hu\/#website","url":"https:\/\/www.lamello.hu\/","name":"Lamello","description":"B\u00fator","potentialAction":[{"@type":"SearchAction","target":{"@type":"EntryPoint","urlTemplate":"https:\/\/www.lamello.hu\/?s={search_term_string}"},"query-input":{"@type":"PropertyValueSpecification","valueRequired":true,"valueName":"search_term_string"}}],"inLanguage":"de"}]}},"_links":{"self":[{"href":"https:\/\/www.lamello.hu\/de\/wp-json\/wp\/v2\/pages\/1369","targetHints":{"allow":["GET"]}}],"collection":[{"href":"https:\/\/www.lamello.hu\/de\/wp-json\/wp\/v2\/pages"}],"about":[{"href":"https:\/\/www.lamello.hu\/de\/wp-json\/wp\/v2\/types\/page"}],"author":[{"embeddable":true,"href":"https:\/\/www.lamello.hu\/de\/wp-json\/wp\/v2\/users\/1"}],"replies":[{"embeddable":true,"href":"https:\/\/www.lamello.hu\/de\/wp-json\/wp\/v2\/comments?post=1369"}],"version-history":[{"count":16,"href":"https:\/\/www.lamello.hu\/de\/wp-json\/wp\/v2\/pages\/1369\/revisions"}],"predecessor-version":[{"id":15717,"href":"https:\/\/www.lamello.hu\/de\/wp-json\/wp\/v2\/pages\/1369\/revisions\/15717"}],"up":[{"embeddable":true,"href":"https:\/\/www.lamello.hu\/de\/wp-json\/wp\/v2\/pages\/1348"}],"wp:featuredmedia":[{"embeddable":true,"href":"https:\/\/www.lamello.hu\/de\/wp-json\/wp\/v2\/media\/563"}],"wp:attachment":[{"href":"https:\/\/www.lamello.hu\/de\/wp-json\/wp\/v2\/media?parent=1369"}],"curies":[{"name":"wp","href":"https:\/\/api.w.org\/{rel}","templated":true}]}}