{"id":13695,"date":"2023-02-14T12:16:19","date_gmt":"2023-02-14T12:16:19","guid":{"rendered":"http:\/\/www.lamello.hu\/?page_id=13695"},"modified":"2025-07-24T06:14:51","modified_gmt":"2025-07-24T06:14:51","slug":"immago","status":"publish","type":"page","link":"https:\/\/www.lamello.hu\/de\/unsere-produkte\/immago\/","title":{"rendered":"Immago"},"content":{"rendered":"<p>Es begann alles mit einem Traum. Der Traum nahm Gestalt an, und die Immago-M\u00f6belserie war geboren.<br \/>\nAnthrazitgraue Holzintarsien betonen die Sch\u00f6nheit der massiven Eiche. Die klaren Linien der M\u00f6belelemente schaffen ein Gef\u00fchl der Harmonie.<br \/>\nUnd die in den M\u00f6beln versteckten Lichter schaffen eine gem\u00fctliche Atmosph\u00e4re in jedem Raum.  <\/p>\n","protected":false},"excerpt":{"rendered":"<p>Es begann alles mit einem Traum. Der Traum nahm Gestalt an, und die Immago-M\u00f6belserie war geboren. Anthrazitgraue Holzintarsien betonen die Sch\u00f6nheit der massiven Eiche. Die klaren Linien der M\u00f6belelemente schaffen ein Gef\u00fchl der Harmonie. Und die in den M\u00f6beln versteckten Lichter schaffen eine gem\u00fctliche Atmosph\u00e4re in jedem Raum.<\/p>\n","protected":false},"author":1,"featured_media":15218,"parent":1348,"menu_order":6,"comment_status":"open","ping_status":"open","template":"page-templates\/page-termekcsalad.php","meta":{"_acf_changed":false,"footnotes":""},"class_list":["post-13695","page","type-page","status-publish","has-post-thumbnail","hentry"],"acf":[],"yoast_head":"<!-- This site is optimized with the Yoast SEO plugin v26.0 - https:\/\/yoast.com\/wordpress\/plugins\/seo\/ -->\n<title>Immago - Lamello<\/title>\n<meta name=\"robots\" content=\"index, follow, max-snippet:-1, max-image-preview:large, max-video-preview:-1\" \/>\n<link rel=\"canonical\" href=\"https:\/\/www.lamello.hu\/de\/unsere-produkte\/immago\/\" \/>\n<meta property=\"og:locale\" content=\"de_DE\" \/>\n<meta property=\"og:type\" content=\"article\" \/>\n<meta property=\"og:title\" content=\"Immago - Lamello\" \/>\n<meta property=\"og:description\" content=\"Es begann alles mit einem Traum. Der Traum nahm Gestalt an, und die Immago-M\u00f6belserie war geboren. Anthrazitgraue Holzintarsien betonen die Sch\u00f6nheit der massiven Eiche. Die klaren Linien der M\u00f6belelemente schaffen ein Gef\u00fchl der Harmonie. Und die in den M\u00f6beln versteckten Lichter schaffen eine gem\u00fctliche Atmosph\u00e4re in jedem Raum.\" \/>\n<meta property=\"og:url\" content=\"https:\/\/www.lamello.hu\/de\/unsere-produkte\/immago\/\" \/>\n<meta property=\"og:site_name\" content=\"Lamello\" \/>\n<meta property=\"article:modified_time\" content=\"2025-07-24T06:14:51+00:00\" \/>\n<meta property=\"og:image\" content=\"https:\/\/www.lamello.hu\/wp-content\/uploads\/2023\/02\/Immago-nappali_Unnamed-Space-3-scaled.jpeg\" \/>\n\t<meta property=\"og:image:width\" content=\"2560\" \/>\n\t<meta property=\"og:image:height\" content=\"1440\" \/>\n\t<meta property=\"og:image:type\" content=\"image\/jpeg\" \/>\n<meta name=\"twitter:card\" content=\"summary_large_image\" \/>\n<meta name=\"twitter:label1\" content=\"Gesch\u00e4tzte Lesezeit\" \/>\n\t<meta name=\"twitter:data1\" content=\"1\u00a0Minute\" \/>\n<script type=\"application\/ld+json\" class=\"yoast-schema-graph\">{\"@context\":\"https:\/\/schema.org\",\"@graph\":[{\"@type\":\"WebPage\",\"@id\":\"https:\/\/www.lamello.hu\/de\/unsere-produkte\/immago\/\",\"url\":\"https:\/\/www.lamello.hu\/de\/unsere-produkte\/immago\/\",\"name\":\"Immago - Lamello\",\"isPartOf\":{\"@id\":\"https:\/\/www.lamello.hu\/#website\"},\"primaryImageOfPage\":{\"@id\":\"https:\/\/www.lamello.hu\/de\/unsere-produkte\/immago\/#primaryimage\"},\"image\":{\"@id\":\"https:\/\/www.lamello.hu\/de\/unsere-produkte\/immago\/#primaryimage\"},\"thumbnailUrl\":\"https:\/\/www.lamello.hu\/wp-content\/uploads\/2023\/02\/Immago-nappali_Unnamed-Space-3-scaled.jpeg\",\"datePublished\":\"2023-02-14T12:16:19+00:00\",\"dateModified\":\"2025-07-24T06:14:51+00:00\",\"breadcrumb\":{\"@id\":\"https:\/\/www.lamello.hu\/de\/unsere-produkte\/immago\/#breadcrumb\"},\"inLanguage\":\"de\",\"potentialAction\":[{\"@type\":\"ReadAction\",\"target\":[\"https:\/\/www.lamello.hu\/de\/unsere-produkte\/immago\/\"]}]},{\"@type\":\"ImageObject\",\"inLanguage\":\"de\",\"@id\":\"https:\/\/www.lamello.hu\/de\/unsere-produkte\/immago\/#primaryimage\",\"url\":\"https:\/\/www.lamello.hu\/wp-content\/uploads\/2023\/02\/Immago-nappali_Unnamed-Space-3-scaled.jpeg\",\"contentUrl\":\"https:\/\/www.lamello.hu\/wp-content\/uploads\/2023\/02\/Immago-nappali_Unnamed-Space-3-scaled.jpeg\",\"width\":2560,\"height\":1440},{\"@type\":\"BreadcrumbList\",\"@id\":\"https:\/\/www.lamello.hu\/de\/unsere-produkte\/immago\/#breadcrumb\",\"itemListElement\":[{\"@type\":\"ListItem\",\"position\":1,\"name\":\"Home\",\"item\":\"https:\/\/www.lamello.hu\/de\/\"},{\"@type\":\"ListItem\",\"position\":2,\"name\":\"Unsere Produkte\",\"item\":\"https:\/\/www.lamello.hu\/de\/unsere-produkte\/\"},{\"@type\":\"ListItem\",\"position\":3,\"name\":\"Immago\"}]},{\"@type\":\"WebSite\",\"@id\":\"https:\/\/www.lamello.hu\/#website\",\"url\":\"https:\/\/www.lamello.hu\/\",\"name\":\"Lamello\",\"description\":\"B\u00fator\",\"potentialAction\":[{\"@type\":\"SearchAction\",\"target\":{\"@type\":\"EntryPoint\",\"urlTemplate\":\"https:\/\/www.lamello.hu\/?s={search_term_string}\"},\"query-input\":{\"@type\":\"PropertyValueSpecification\",\"valueRequired\":true,\"valueName\":\"search_term_string\"}}],\"inLanguage\":\"de\"}]}<\/script>\n<!-- \/ Yoast SEO plugin. -->","yoast_head_json":{"title":"Immago - Lamello","robots":{"index":"index","follow":"follow","max-snippet":"max-snippet:-1","max-image-preview":"max-image-preview:large","max-video-preview":"max-video-preview:-1"},"canonical":"https:\/\/www.lamello.hu\/de\/unsere-produkte\/immago\/","og_locale":"de_DE","og_type":"article","og_title":"Immago - Lamello","og_description":"Es begann alles mit einem Traum. Der Traum nahm Gestalt an, und die Immago-M\u00f6belserie war geboren. Anthrazitgraue Holzintarsien betonen die Sch\u00f6nheit der massiven Eiche. Die klaren Linien der M\u00f6belelemente schaffen ein Gef\u00fchl der Harmonie. Und die in den M\u00f6beln versteckten Lichter schaffen eine gem\u00fctliche Atmosph\u00e4re in jedem Raum.","og_url":"https:\/\/www.lamello.hu\/de\/unsere-produkte\/immago\/","og_site_name":"Lamello","article_modified_time":"2025-07-24T06:14:51+00:00","og_image":[{"width":2560,"height":1440,"url":"https:\/\/www.lamello.hu\/wp-content\/uploads\/2023\/02\/Immago-nappali_Unnamed-Space-3-scaled.jpeg","type":"image\/jpeg"}],"twitter_card":"summary_large_image","twitter_misc":{"Gesch\u00e4tzte Lesezeit":"1\u00a0Minute"},"schema":{"@context":"https:\/\/schema.org","@graph":[{"@type":"WebPage","@id":"https:\/\/www.lamello.hu\/de\/unsere-produkte\/immago\/","url":"https:\/\/www.lamello.hu\/de\/unsere-produkte\/immago\/","name":"Immago - Lamello","isPartOf":{"@id":"https:\/\/www.lamello.hu\/#website"},"primaryImageOfPage":{"@id":"https:\/\/www.lamello.hu\/de\/unsere-produkte\/immago\/#primaryimage"},"image":{"@id":"https:\/\/www.lamello.hu\/de\/unsere-produkte\/immago\/#primaryimage"},"thumbnailUrl":"https:\/\/www.lamello.hu\/wp-content\/uploads\/2023\/02\/Immago-nappali_Unnamed-Space-3-scaled.jpeg","datePublished":"2023-02-14T12:16:19+00:00","dateModified":"2025-07-24T06:14:51+00:00","breadcrumb":{"@id":"https:\/\/www.lamello.hu\/de\/unsere-produkte\/immago\/#breadcrumb"},"inLanguage":"de","potentialAction":[{"@type":"ReadAction","target":["https:\/\/www.lamello.hu\/de\/unsere-produkte\/immago\/"]}]},{"@type":"ImageObject","inLanguage":"de","@id":"https:\/\/www.lamello.hu\/de\/unsere-produkte\/immago\/#primaryimage","url":"https:\/\/www.lamello.hu\/wp-content\/uploads\/2023\/02\/Immago-nappali_Unnamed-Space-3-scaled.jpeg","contentUrl":"https:\/\/www.lamello.hu\/wp-content\/uploads\/2023\/02\/Immago-nappali_Unnamed-Space-3-scaled.jpeg","width":2560,"height":1440},{"@type":"BreadcrumbList","@id":"https:\/\/www.lamello.hu\/de\/unsere-produkte\/immago\/#breadcrumb","itemListElement":[{"@type":"ListItem","position":1,"name":"Home","item":"https:\/\/www.lamello.hu\/de\/"},{"@type":"ListItem","position":2,"name":"Unsere Produkte","item":"https:\/\/www.lamello.hu\/de\/unsere-produkte\/"},{"@type":"ListItem","position":3,"name":"Immago"}]},{"@type":"WebSite","@id":"https:\/\/www.lamello.hu\/#website","url":"https:\/\/www.lamello.hu\/","name":"Lamello","description":"B\u00fator","potentialAction":[{"@type":"SearchAction","target":{"@type":"EntryPoint","urlTemplate":"https:\/\/www.lamello.hu\/?s={search_term_string}"},"query-input":{"@type":"PropertyValueSpecification","valueRequired":true,"valueName":"search_term_string"}}],"inLanguage":"de"}]}},"_links":{"self":[{"href":"https:\/\/www.lamello.hu\/de\/wp-json\/wp\/v2\/pages\/13695","targetHints":{"allow":["GET"]}}],"collection":[{"href":"https:\/\/www.lamello.hu\/de\/wp-json\/wp\/v2\/pages"}],"about":[{"href":"https:\/\/www.lamello.hu\/de\/wp-json\/wp\/v2\/types\/page"}],"author":[{"embeddable":true,"href":"https:\/\/www.lamello.hu\/de\/wp-json\/wp\/v2\/users\/1"}],"replies":[{"embeddable":true,"href":"https:\/\/www.lamello.hu\/de\/wp-json\/wp\/v2\/comments?post=13695"}],"version-history":[{"count":4,"href":"https:\/\/www.lamello.hu\/de\/wp-json\/wp\/v2\/pages\/13695\/revisions"}],"predecessor-version":[{"id":15722,"href":"https:\/\/www.lamello.hu\/de\/wp-json\/wp\/v2\/pages\/13695\/revisions\/15722"}],"up":[{"embeddable":true,"href":"https:\/\/www.lamello.hu\/de\/wp-json\/wp\/v2\/pages\/1348"}],"wp:featuredmedia":[{"embeddable":true,"href":"https:\/\/www.lamello.hu\/de\/wp-json\/wp\/v2\/media\/15218"}],"wp:attachment":[{"href":"https:\/\/www.lamello.hu\/de\/wp-json\/wp\/v2\/media?parent=13695"}],"curies":[{"name":"wp","href":"https:\/\/api.w.org\/{rel}","templated":true}]}}