{"id":13705,"date":"2023-02-14T12:33:11","date_gmt":"2023-02-14T12:33:11","guid":{"rendered":"http:\/\/www.lamello.hu\/?page_id=13705"},"modified":"2025-07-24T06:17:35","modified_gmt":"2025-07-24T06:17:35","slug":"mattina","status":"publish","type":"page","link":"https:\/\/www.lamello.hu\/de\/unsere-produkte\/mattina\/","title":{"rendered":"Mattina"},"content":{"rendered":"<p>Elegante, klare und einfache Linien kennzeichnen unsere neueste Schlafzimmer-Serie, die Modernit\u00e4t und Minimalismus verk\u00f6rpert. Sie k\u00f6nnen ihn in Eiche bestellen, aber er ist auch in der unnachahmlichen und sehr eleganten schwarzen Walnuss erh\u00e4ltlich. Ein unverzichtbares St\u00fcck f\u00fcr moderne Innenr\u00e4ume!<br \/>\nWas seinen Charakter noch verst\u00e4rkt, ist das atemberaubende silberne Bronzeglas, das auf der Vorderseite von Nachttischen und Kommoden angebracht werden kann.<\/p>\n","protected":false},"excerpt":{"rendered":"<p>Elegante, klare und einfache Linien kennzeichnen unsere neueste Schlafzimmer-Serie, die Modernit\u00e4t und Minimalismus verk\u00f6rpert. Sie k\u00f6nnen ihn in Eiche bestellen, aber er ist auch in der unnachahmlichen und sehr eleganten schwarzen Walnuss erh\u00e4ltlich. Ein unverzichtbares St\u00fcck f\u00fcr moderne Innenr\u00e4ume! Was seinen Charakter noch verst\u00e4rkt, ist das atemberaubende silberne Bronzeglas, das auf der Vorderseite von Nachttischen [&hellip;]<\/p>\n","protected":false},"author":1,"featured_media":15212,"parent":1348,"menu_order":6,"comment_status":"open","ping_status":"open","template":"page-templates\/page-termekcsalad.php","meta":{"_acf_changed":false,"footnotes":""},"class_list":["post-13705","page","type-page","status-publish","has-post-thumbnail","hentry"],"acf":[],"yoast_head":"<!-- This site is optimized with the Yoast SEO plugin v26.0 - https:\/\/yoast.com\/wordpress\/plugins\/seo\/ -->\n<title>Mattina - Lamello<\/title>\n<meta name=\"robots\" content=\"index, follow, max-snippet:-1, max-image-preview:large, max-video-preview:-1\" \/>\n<link rel=\"canonical\" href=\"https:\/\/www.lamello.hu\/de\/unsere-produkte\/mattina\/\" \/>\n<meta property=\"og:locale\" content=\"de_DE\" \/>\n<meta property=\"og:type\" content=\"article\" \/>\n<meta property=\"og:title\" content=\"Mattina - Lamello\" \/>\n<meta property=\"og:description\" content=\"Elegante, klare und einfache Linien kennzeichnen unsere neueste Schlafzimmer-Serie, die Modernit\u00e4t und Minimalismus verk\u00f6rpert. Sie k\u00f6nnen ihn in Eiche bestellen, aber er ist auch in der unnachahmlichen und sehr eleganten schwarzen Walnuss erh\u00e4ltlich. Ein unverzichtbares St\u00fcck f\u00fcr moderne Innenr\u00e4ume! Was seinen Charakter noch verst\u00e4rkt, ist das atemberaubende silberne Bronzeglas, das auf der Vorderseite von Nachttischen [&hellip;]\" \/>\n<meta property=\"og:url\" content=\"https:\/\/www.lamello.hu\/de\/unsere-produkte\/mattina\/\" \/>\n<meta property=\"og:site_name\" content=\"Lamello\" \/>\n<meta property=\"article:modified_time\" content=\"2025-07-24T06:17:35+00:00\" \/>\n<meta property=\"og:image\" content=\"https:\/\/www.lamello.hu\/wp-content\/uploads\/2017\/09\/Mattina-Di\u00f3-l\u00e1tv\u00e1ny-1024x768.jpeg\" \/>\n\t<meta property=\"og:image:width\" content=\"1024\" \/>\n\t<meta property=\"og:image:height\" content=\"768\" \/>\n\t<meta property=\"og:image:type\" content=\"image\/jpeg\" \/>\n<meta name=\"twitter:card\" content=\"summary_large_image\" \/>\n<meta name=\"twitter:label1\" content=\"Gesch\u00e4tzte Lesezeit\" \/>\n\t<meta name=\"twitter:data1\" content=\"1\u00a0Minute\" \/>\n<script type=\"application\/ld+json\" class=\"yoast-schema-graph\">{\"@context\":\"https:\/\/schema.org\",\"@graph\":[{\"@type\":\"WebPage\",\"@id\":\"https:\/\/www.lamello.hu\/de\/unsere-produkte\/mattina\/\",\"url\":\"https:\/\/www.lamello.hu\/de\/unsere-produkte\/mattina\/\",\"name\":\"Mattina - Lamello\",\"isPartOf\":{\"@id\":\"https:\/\/www.lamello.hu\/#website\"},\"primaryImageOfPage\":{\"@id\":\"https:\/\/www.lamello.hu\/de\/unsere-produkte\/mattina\/#primaryimage\"},\"image\":{\"@id\":\"https:\/\/www.lamello.hu\/de\/unsere-produkte\/mattina\/#primaryimage\"},\"thumbnailUrl\":\"https:\/\/www.lamello.hu\/wp-content\/uploads\/2017\/09\/Mattina-Di\u00f3-l\u00e1tv\u00e1ny.jpeg\",\"datePublished\":\"2023-02-14T12:33:11+00:00\",\"dateModified\":\"2025-07-24T06:17:35+00:00\",\"breadcrumb\":{\"@id\":\"https:\/\/www.lamello.hu\/de\/unsere-produkte\/mattina\/#breadcrumb\"},\"inLanguage\":\"de\",\"potentialAction\":[{\"@type\":\"ReadAction\",\"target\":[\"https:\/\/www.lamello.hu\/de\/unsere-produkte\/mattina\/\"]}]},{\"@type\":\"ImageObject\",\"inLanguage\":\"de\",\"@id\":\"https:\/\/www.lamello.hu\/de\/unsere-produkte\/mattina\/#primaryimage\",\"url\":\"https:\/\/www.lamello.hu\/wp-content\/uploads\/2017\/09\/Mattina-Di\u00f3-l\u00e1tv\u00e1ny.jpeg\",\"contentUrl\":\"https:\/\/www.lamello.hu\/wp-content\/uploads\/2017\/09\/Mattina-Di\u00f3-l\u00e1tv\u00e1ny.jpeg\",\"width\":4000,\"height\":3000},{\"@type\":\"BreadcrumbList\",\"@id\":\"https:\/\/www.lamello.hu\/de\/unsere-produkte\/mattina\/#breadcrumb\",\"itemListElement\":[{\"@type\":\"ListItem\",\"position\":1,\"name\":\"Home\",\"item\":\"https:\/\/www.lamello.hu\/de\/\"},{\"@type\":\"ListItem\",\"position\":2,\"name\":\"Unsere Produkte\",\"item\":\"https:\/\/www.lamello.hu\/de\/unsere-produkte\/\"},{\"@type\":\"ListItem\",\"position\":3,\"name\":\"Mattina\"}]},{\"@type\":\"WebSite\",\"@id\":\"https:\/\/www.lamello.hu\/#website\",\"url\":\"https:\/\/www.lamello.hu\/\",\"name\":\"Lamello\",\"description\":\"B\u00fator\",\"potentialAction\":[{\"@type\":\"SearchAction\",\"target\":{\"@type\":\"EntryPoint\",\"urlTemplate\":\"https:\/\/www.lamello.hu\/?s={search_term_string}\"},\"query-input\":{\"@type\":\"PropertyValueSpecification\",\"valueRequired\":true,\"valueName\":\"search_term_string\"}}],\"inLanguage\":\"de\"}]}<\/script>\n<!-- \/ Yoast SEO plugin. -->","yoast_head_json":{"title":"Mattina - Lamello","robots":{"index":"index","follow":"follow","max-snippet":"max-snippet:-1","max-image-preview":"max-image-preview:large","max-video-preview":"max-video-preview:-1"},"canonical":"https:\/\/www.lamello.hu\/de\/unsere-produkte\/mattina\/","og_locale":"de_DE","og_type":"article","og_title":"Mattina - Lamello","og_description":"Elegante, klare und einfache Linien kennzeichnen unsere neueste Schlafzimmer-Serie, die Modernit\u00e4t und Minimalismus verk\u00f6rpert. Sie k\u00f6nnen ihn in Eiche bestellen, aber er ist auch in der unnachahmlichen und sehr eleganten schwarzen Walnuss erh\u00e4ltlich. Ein unverzichtbares St\u00fcck f\u00fcr moderne Innenr\u00e4ume! Was seinen Charakter noch verst\u00e4rkt, ist das atemberaubende silberne Bronzeglas, das auf der Vorderseite von Nachttischen [&hellip;]","og_url":"https:\/\/www.lamello.hu\/de\/unsere-produkte\/mattina\/","og_site_name":"Lamello","article_modified_time":"2025-07-24T06:17:35+00:00","og_image":[{"width":1024,"height":768,"url":"https:\/\/www.lamello.hu\/wp-content\/uploads\/2017\/09\/Mattina-Di\u00f3-l\u00e1tv\u00e1ny-1024x768.jpeg","type":"image\/jpeg"}],"twitter_card":"summary_large_image","twitter_misc":{"Gesch\u00e4tzte Lesezeit":"1\u00a0Minute"},"schema":{"@context":"https:\/\/schema.org","@graph":[{"@type":"WebPage","@id":"https:\/\/www.lamello.hu\/de\/unsere-produkte\/mattina\/","url":"https:\/\/www.lamello.hu\/de\/unsere-produkte\/mattina\/","name":"Mattina - Lamello","isPartOf":{"@id":"https:\/\/www.lamello.hu\/#website"},"primaryImageOfPage":{"@id":"https:\/\/www.lamello.hu\/de\/unsere-produkte\/mattina\/#primaryimage"},"image":{"@id":"https:\/\/www.lamello.hu\/de\/unsere-produkte\/mattina\/#primaryimage"},"thumbnailUrl":"https:\/\/www.lamello.hu\/wp-content\/uploads\/2017\/09\/Mattina-Di\u00f3-l\u00e1tv\u00e1ny.jpeg","datePublished":"2023-02-14T12:33:11+00:00","dateModified":"2025-07-24T06:17:35+00:00","breadcrumb":{"@id":"https:\/\/www.lamello.hu\/de\/unsere-produkte\/mattina\/#breadcrumb"},"inLanguage":"de","potentialAction":[{"@type":"ReadAction","target":["https:\/\/www.lamello.hu\/de\/unsere-produkte\/mattina\/"]}]},{"@type":"ImageObject","inLanguage":"de","@id":"https:\/\/www.lamello.hu\/de\/unsere-produkte\/mattina\/#primaryimage","url":"https:\/\/www.lamello.hu\/wp-content\/uploads\/2017\/09\/Mattina-Di\u00f3-l\u00e1tv\u00e1ny.jpeg","contentUrl":"https:\/\/www.lamello.hu\/wp-content\/uploads\/2017\/09\/Mattina-Di\u00f3-l\u00e1tv\u00e1ny.jpeg","width":4000,"height":3000},{"@type":"BreadcrumbList","@id":"https:\/\/www.lamello.hu\/de\/unsere-produkte\/mattina\/#breadcrumb","itemListElement":[{"@type":"ListItem","position":1,"name":"Home","item":"https:\/\/www.lamello.hu\/de\/"},{"@type":"ListItem","position":2,"name":"Unsere Produkte","item":"https:\/\/www.lamello.hu\/de\/unsere-produkte\/"},{"@type":"ListItem","position":3,"name":"Mattina"}]},{"@type":"WebSite","@id":"https:\/\/www.lamello.hu\/#website","url":"https:\/\/www.lamello.hu\/","name":"Lamello","description":"B\u00fator","potentialAction":[{"@type":"SearchAction","target":{"@type":"EntryPoint","urlTemplate":"https:\/\/www.lamello.hu\/?s={search_term_string}"},"query-input":{"@type":"PropertyValueSpecification","valueRequired":true,"valueName":"search_term_string"}}],"inLanguage":"de"}]}},"_links":{"self":[{"href":"https:\/\/www.lamello.hu\/de\/wp-json\/wp\/v2\/pages\/13705","targetHints":{"allow":["GET"]}}],"collection":[{"href":"https:\/\/www.lamello.hu\/de\/wp-json\/wp\/v2\/pages"}],"about":[{"href":"https:\/\/www.lamello.hu\/de\/wp-json\/wp\/v2\/types\/page"}],"author":[{"embeddable":true,"href":"https:\/\/www.lamello.hu\/de\/wp-json\/wp\/v2\/users\/1"}],"replies":[{"embeddable":true,"href":"https:\/\/www.lamello.hu\/de\/wp-json\/wp\/v2\/comments?post=13705"}],"version-history":[{"count":5,"href":"https:\/\/www.lamello.hu\/de\/wp-json\/wp\/v2\/pages\/13705\/revisions"}],"predecessor-version":[{"id":15725,"href":"https:\/\/www.lamello.hu\/de\/wp-json\/wp\/v2\/pages\/13705\/revisions\/15725"}],"up":[{"embeddable":true,"href":"https:\/\/www.lamello.hu\/de\/wp-json\/wp\/v2\/pages\/1348"}],"wp:featuredmedia":[{"embeddable":true,"href":"https:\/\/www.lamello.hu\/de\/wp-json\/wp\/v2\/media\/15212"}],"wp:attachment":[{"href":"https:\/\/www.lamello.hu\/de\/wp-json\/wp\/v2\/media?parent=13705"}],"curies":[{"name":"wp","href":"https:\/\/api.w.org\/{rel}","templated":true}]}}