{"id":1371,"date":"2017-09-21T18:06:27","date_gmt":"2017-09-21T18:06:27","guid":{"rendered":"http:\/\/lamello.hu\/rolunk\/"},"modified":"2026-05-06T12:19:00","modified_gmt":"2026-05-06T12:19:00","slug":"ueber-uns","status":"publish","type":"page","link":"https:\/\/www.lamello.hu\/de\/ueber-uns\/","title":{"rendered":"\u00dcber uns"},"content":{"rendered":"<h2>Unsere Firma vertritt sowohl die modernste Technologie als auch die edelsten Traditionen der M\u00f6belherstellung.<\/h2>\n<p><strong>Das Lamell\u00f3 M\u00f6bel bietet Ihnen hochwertige, einheitliche, harmonische M\u00f6belfamilien.<br \/>\nDie M\u00f6bel ist f\u00fcr lange Zeit, vielleicht f\u00fcr ein ganzes Leben. Es besteht auch die M\u00f6glichkeit, individuelle M\u00f6bel nach Ihren Vorstellungen herzustellen. Unsere M\u00f6belfamilien stehen in einer Vielzahl von Farben und in verschiedenen Materialien zur Verf\u00fcgung, so werden Sie das passende St\u00fcck in unserer Produktpalette bestimmt finden k\u00f6nnen.<br \/>\n<\/strong><\/p>\n","protected":false},"excerpt":{"rendered":"<p>Unsere Firma vertritt sowohl die modernste Technologie als auch die edelsten Traditionen der M\u00f6belherstellung. Das Lamell\u00f3 M\u00f6bel bietet Ihnen hochwertige, einheitliche, harmonische M\u00f6belfamilien. Die M\u00f6bel ist f\u00fcr lange Zeit, vielleicht f\u00fcr ein ganzes Leben. Es besteht auch die M\u00f6glichkeit, individuelle M\u00f6bel nach Ihren Vorstellungen herzustellen. Unsere M\u00f6belfamilien stehen in einer Vielzahl von Farben und in [&hellip;]<\/p>\n","protected":false},"author":1,"featured_media":14188,"parent":0,"menu_order":0,"comment_status":"open","ping_status":"closed","template":"page-templates\/page-rolunk.php","meta":{"_acf_changed":false,"footnotes":""},"class_list":["post-1371","page","type-page","status-publish","has-post-thumbnail","hentry"],"acf":[],"yoast_head":"<!-- This site is optimized with the Yoast SEO plugin v26.0 - https:\/\/yoast.com\/wordpress\/plugins\/seo\/ -->\n<title>\u00dcber uns - Lamello<\/title>\n<meta name=\"robots\" content=\"index, follow, max-snippet:-1, max-image-preview:large, max-video-preview:-1\" \/>\n<link rel=\"canonical\" href=\"https:\/\/www.lamello.hu\/de\/ueber-uns\/\" \/>\n<meta property=\"og:locale\" content=\"de_DE\" \/>\n<meta property=\"og:type\" content=\"article\" \/>\n<meta property=\"og:title\" content=\"\u00dcber uns - Lamello\" \/>\n<meta property=\"og:description\" content=\"Unsere Firma vertritt sowohl die modernste Technologie als auch die edelsten Traditionen der M\u00f6belherstellung. Das Lamell\u00f3 M\u00f6bel bietet Ihnen hochwertige, einheitliche, harmonische M\u00f6belfamilien. Die M\u00f6bel ist f\u00fcr lange Zeit, vielleicht f\u00fcr ein ganzes Leben. Es besteht auch die M\u00f6glichkeit, individuelle M\u00f6bel nach Ihren Vorstellungen herzustellen. Unsere M\u00f6belfamilien stehen in einer Vielzahl von Farben und in [&hellip;]\" \/>\n<meta property=\"og:url\" content=\"https:\/\/www.lamello.hu\/de\/ueber-uns\/\" \/>\n<meta property=\"og:site_name\" content=\"Lamello\" \/>\n<meta property=\"article:modified_time\" content=\"2026-05-06T12:19:00+00:00\" \/>\n<meta property=\"og:image\" content=\"https:\/\/www.lamello.hu\/wp-content\/uploads\/2017\/09\/rolunkbg.jpg\" \/>\n\t<meta property=\"og:image:width\" content=\"1920\" \/>\n\t<meta property=\"og:image:height\" content=\"395\" \/>\n\t<meta property=\"og:image:type\" content=\"image\/jpeg\" \/>\n<meta name=\"twitter:card\" content=\"summary_large_image\" \/>\n<script type=\"application\/ld+json\" class=\"yoast-schema-graph\">{\"@context\":\"https:\/\/schema.org\",\"@graph\":[{\"@type\":\"WebPage\",\"@id\":\"https:\/\/www.lamello.hu\/de\/ueber-uns\/\",\"url\":\"https:\/\/www.lamello.hu\/de\/ueber-uns\/\",\"name\":\"\u00dcber uns - Lamello\",\"isPartOf\":{\"@id\":\"https:\/\/www.lamello.hu\/#website\"},\"primaryImageOfPage\":{\"@id\":\"https:\/\/www.lamello.hu\/de\/ueber-uns\/#primaryimage\"},\"image\":{\"@id\":\"https:\/\/www.lamello.hu\/de\/ueber-uns\/#primaryimage\"},\"thumbnailUrl\":\"https:\/\/www.lamello.hu\/wp-content\/uploads\/2017\/09\/rolunkbg.jpg\",\"datePublished\":\"2017-09-21T18:06:27+00:00\",\"dateModified\":\"2026-05-06T12:19:00+00:00\",\"breadcrumb\":{\"@id\":\"https:\/\/www.lamello.hu\/de\/ueber-uns\/#breadcrumb\"},\"inLanguage\":\"de\",\"potentialAction\":[{\"@type\":\"ReadAction\",\"target\":[\"https:\/\/www.lamello.hu\/de\/ueber-uns\/\"]}]},{\"@type\":\"ImageObject\",\"inLanguage\":\"de\",\"@id\":\"https:\/\/www.lamello.hu\/de\/ueber-uns\/#primaryimage\",\"url\":\"https:\/\/www.lamello.hu\/wp-content\/uploads\/2017\/09\/rolunkbg.jpg\",\"contentUrl\":\"https:\/\/www.lamello.hu\/wp-content\/uploads\/2017\/09\/rolunkbg.jpg\",\"width\":1920,\"height\":395},{\"@type\":\"BreadcrumbList\",\"@id\":\"https:\/\/www.lamello.hu\/de\/ueber-uns\/#breadcrumb\",\"itemListElement\":[{\"@type\":\"ListItem\",\"position\":1,\"name\":\"Home\",\"item\":\"https:\/\/www.lamello.hu\/de\/\"},{\"@type\":\"ListItem\",\"position\":2,\"name\":\"\u00dcber uns\"}]},{\"@type\":\"WebSite\",\"@id\":\"https:\/\/www.lamello.hu\/#website\",\"url\":\"https:\/\/www.lamello.hu\/\",\"name\":\"Lamello\",\"description\":\"B\u00fator\",\"potentialAction\":[{\"@type\":\"SearchAction\",\"target\":{\"@type\":\"EntryPoint\",\"urlTemplate\":\"https:\/\/www.lamello.hu\/?s={search_term_string}\"},\"query-input\":{\"@type\":\"PropertyValueSpecification\",\"valueRequired\":true,\"valueName\":\"search_term_string\"}}],\"inLanguage\":\"de\"}]}<\/script>\n<!-- \/ Yoast SEO plugin. -->","yoast_head_json":{"title":"\u00dcber uns - Lamello","robots":{"index":"index","follow":"follow","max-snippet":"max-snippet:-1","max-image-preview":"max-image-preview:large","max-video-preview":"max-video-preview:-1"},"canonical":"https:\/\/www.lamello.hu\/de\/ueber-uns\/","og_locale":"de_DE","og_type":"article","og_title":"\u00dcber uns - Lamello","og_description":"Unsere Firma vertritt sowohl die modernste Technologie als auch die edelsten Traditionen der M\u00f6belherstellung. Das Lamell\u00f3 M\u00f6bel bietet Ihnen hochwertige, einheitliche, harmonische M\u00f6belfamilien. Die M\u00f6bel ist f\u00fcr lange Zeit, vielleicht f\u00fcr ein ganzes Leben. Es besteht auch die M\u00f6glichkeit, individuelle M\u00f6bel nach Ihren Vorstellungen herzustellen. Unsere M\u00f6belfamilien stehen in einer Vielzahl von Farben und in [&hellip;]","og_url":"https:\/\/www.lamello.hu\/de\/ueber-uns\/","og_site_name":"Lamello","article_modified_time":"2026-05-06T12:19:00+00:00","og_image":[{"width":1920,"height":395,"url":"https:\/\/www.lamello.hu\/wp-content\/uploads\/2017\/09\/rolunkbg.jpg","type":"image\/jpeg"}],"twitter_card":"summary_large_image","schema":{"@context":"https:\/\/schema.org","@graph":[{"@type":"WebPage","@id":"https:\/\/www.lamello.hu\/de\/ueber-uns\/","url":"https:\/\/www.lamello.hu\/de\/ueber-uns\/","name":"\u00dcber uns - Lamello","isPartOf":{"@id":"https:\/\/www.lamello.hu\/#website"},"primaryImageOfPage":{"@id":"https:\/\/www.lamello.hu\/de\/ueber-uns\/#primaryimage"},"image":{"@id":"https:\/\/www.lamello.hu\/de\/ueber-uns\/#primaryimage"},"thumbnailUrl":"https:\/\/www.lamello.hu\/wp-content\/uploads\/2017\/09\/rolunkbg.jpg","datePublished":"2017-09-21T18:06:27+00:00","dateModified":"2026-05-06T12:19:00+00:00","breadcrumb":{"@id":"https:\/\/www.lamello.hu\/de\/ueber-uns\/#breadcrumb"},"inLanguage":"de","potentialAction":[{"@type":"ReadAction","target":["https:\/\/www.lamello.hu\/de\/ueber-uns\/"]}]},{"@type":"ImageObject","inLanguage":"de","@id":"https:\/\/www.lamello.hu\/de\/ueber-uns\/#primaryimage","url":"https:\/\/www.lamello.hu\/wp-content\/uploads\/2017\/09\/rolunkbg.jpg","contentUrl":"https:\/\/www.lamello.hu\/wp-content\/uploads\/2017\/09\/rolunkbg.jpg","width":1920,"height":395},{"@type":"BreadcrumbList","@id":"https:\/\/www.lamello.hu\/de\/ueber-uns\/#breadcrumb","itemListElement":[{"@type":"ListItem","position":1,"name":"Home","item":"https:\/\/www.lamello.hu\/de\/"},{"@type":"ListItem","position":2,"name":"\u00dcber uns"}]},{"@type":"WebSite","@id":"https:\/\/www.lamello.hu\/#website","url":"https:\/\/www.lamello.hu\/","name":"Lamello","description":"B\u00fator","potentialAction":[{"@type":"SearchAction","target":{"@type":"EntryPoint","urlTemplate":"https:\/\/www.lamello.hu\/?s={search_term_string}"},"query-input":{"@type":"PropertyValueSpecification","valueRequired":true,"valueName":"search_term_string"}}],"inLanguage":"de"}]}},"_links":{"self":[{"href":"https:\/\/www.lamello.hu\/de\/wp-json\/wp\/v2\/pages\/1371","targetHints":{"allow":["GET"]}}],"collection":[{"href":"https:\/\/www.lamello.hu\/de\/wp-json\/wp\/v2\/pages"}],"about":[{"href":"https:\/\/www.lamello.hu\/de\/wp-json\/wp\/v2\/types\/page"}],"author":[{"embeddable":true,"href":"https:\/\/www.lamello.hu\/de\/wp-json\/wp\/v2\/users\/1"}],"replies":[{"embeddable":true,"href":"https:\/\/www.lamello.hu\/de\/wp-json\/wp\/v2\/comments?post=1371"}],"version-history":[{"count":8,"href":"https:\/\/www.lamello.hu\/de\/wp-json\/wp\/v2\/pages\/1371\/revisions"}],"predecessor-version":[{"id":2166,"href":"https:\/\/www.lamello.hu\/de\/wp-json\/wp\/v2\/pages\/1371\/revisions\/2166"}],"wp:featuredmedia":[{"embeddable":true,"href":"https:\/\/www.lamello.hu\/de\/wp-json\/wp\/v2\/media\/14188"}],"wp:attachment":[{"href":"https:\/\/www.lamello.hu\/de\/wp-json\/wp\/v2\/media?parent=1371"}],"curies":[{"name":"wp","href":"https:\/\/api.w.org\/{rel}","templated":true}]}}