{"id":13720,"date":"2023-02-22T14:16:42","date_gmt":"2023-02-22T14:16:42","guid":{"rendered":"http:\/\/www.lamello.hu\/?page_id=13720"},"modified":"2025-07-24T06:13:13","modified_gmt":"2025-07-24T06:13:13","slug":"mattina-2","status":"publish","type":"page","link":"https:\/\/www.lamello.hu\/de\/unsere-produkte\/mattina-2\/","title":{"rendered":"Eastwood"},"content":{"rendered":"<p>Die M\u00f6belfamilie zeichnet sich durch klare Linien aus, die durch das extravagante graue Gussglas noch verst\u00e4rkt werden. Die Esstische sind f\u00fcr Ihren h\u00f6chsten Komfort ausgelegt, da diese durch die versteckten Tischplatten erweitert werden k\u00f6nnen, im t\u00e4glichen Gebrauch aber Platz sparen. Das Wohnzimmerm\u00f6bel ist f\u00fcr die Liebhaber der Technik, weil durch die versteckte Kabelanordnung kein einziges Kabel heraush\u00e4ngen wird.<\/p>\n","protected":false},"excerpt":{"rendered":"<p>Die M\u00f6belfamilie zeichnet sich durch klare Linien aus, die durch das extravagante graue Gussglas noch verst\u00e4rkt werden. Die Esstische sind f\u00fcr Ihren h\u00f6chsten Komfort ausgelegt, da diese durch die versteckten Tischplatten erweitert werden k\u00f6nnen, im t\u00e4glichen Gebrauch aber Platz sparen. Das Wohnzimmerm\u00f6bel ist f\u00fcr die Liebhaber der Technik, weil durch die versteckte Kabelanordnung kein einziges [&hellip;]<\/p>\n","protected":false},"author":1,"featured_media":15220,"parent":1348,"menu_order":6,"comment_status":"open","ping_status":"open","template":"page-templates\/page-termekcsalad.php","meta":{"_acf_changed":false,"footnotes":""},"class_list":["post-13720","page","type-page","status-publish","has-post-thumbnail","hentry"],"acf":[],"yoast_head":"<!-- This site is optimized with the Yoast SEO plugin v26.0 - https:\/\/yoast.com\/wordpress\/plugins\/seo\/ -->\n<title>Eastwood - Lamello<\/title>\n<meta name=\"robots\" content=\"index, follow, max-snippet:-1, max-image-preview:large, max-video-preview:-1\" \/>\n<link rel=\"canonical\" href=\"https:\/\/www.lamello.hu\/de\/unsere-produkte\/mattina-2\/\" \/>\n<meta property=\"og:locale\" content=\"de_DE\" \/>\n<meta property=\"og:type\" content=\"article\" \/>\n<meta property=\"og:title\" content=\"Eastwood - Lamello\" \/>\n<meta property=\"og:description\" content=\"Die M\u00f6belfamilie zeichnet sich durch klare Linien aus, die durch das extravagante graue Gussglas noch verst\u00e4rkt werden. Die Esstische sind f\u00fcr Ihren h\u00f6chsten Komfort ausgelegt, da diese durch die versteckten Tischplatten erweitert werden k\u00f6nnen, im t\u00e4glichen Gebrauch aber Platz sparen. Das Wohnzimmerm\u00f6bel ist f\u00fcr die Liebhaber der Technik, weil durch die versteckte Kabelanordnung kein einziges [&hellip;]\" \/>\n<meta property=\"og:url\" content=\"https:\/\/www.lamello.hu\/de\/unsere-produkte\/mattina-2\/\" \/>\n<meta property=\"og:site_name\" content=\"Lamello\" \/>\n<meta property=\"article:modified_time\" content=\"2025-07-24T06:13:13+00:00\" \/>\n<meta property=\"og:image\" content=\"https:\/\/www.lamello.hu\/wp-content\/uploads\/2023\/02\/8-Industrial-Style-Tall-Single-Room_Unnamed-Space-6-1024x576.jpeg\" \/>\n\t<meta property=\"og:image:width\" content=\"1024\" \/>\n\t<meta property=\"og:image:height\" content=\"576\" \/>\n\t<meta property=\"og:image:type\" content=\"image\/jpeg\" \/>\n<meta name=\"twitter:card\" content=\"summary_large_image\" \/>\n<meta name=\"twitter:label1\" content=\"Gesch\u00e4tzte Lesezeit\" \/>\n\t<meta name=\"twitter:data1\" content=\"1\u00a0Minute\" \/>\n<script type=\"application\/ld+json\" class=\"yoast-schema-graph\">{\"@context\":\"https:\/\/schema.org\",\"@graph\":[{\"@type\":\"WebPage\",\"@id\":\"https:\/\/www.lamello.hu\/de\/unsere-produkte\/mattina-2\/\",\"url\":\"https:\/\/www.lamello.hu\/de\/unsere-produkte\/mattina-2\/\",\"name\":\"Eastwood - Lamello\",\"isPartOf\":{\"@id\":\"https:\/\/www.lamello.hu\/#website\"},\"primaryImageOfPage\":{\"@id\":\"https:\/\/www.lamello.hu\/de\/unsere-produkte\/mattina-2\/#primaryimage\"},\"image\":{\"@id\":\"https:\/\/www.lamello.hu\/de\/unsere-produkte\/mattina-2\/#primaryimage\"},\"thumbnailUrl\":\"https:\/\/www.lamello.hu\/wp-content\/uploads\/2023\/02\/8-Industrial-Style-Tall-Single-Room_Unnamed-Space-6.jpeg\",\"datePublished\":\"2023-02-22T14:16:42+00:00\",\"dateModified\":\"2025-07-24T06:13:13+00:00\",\"breadcrumb\":{\"@id\":\"https:\/\/www.lamello.hu\/de\/unsere-produkte\/mattina-2\/#breadcrumb\"},\"inLanguage\":\"de\",\"potentialAction\":[{\"@type\":\"ReadAction\",\"target\":[\"https:\/\/www.lamello.hu\/de\/unsere-produkte\/mattina-2\/\"]}]},{\"@type\":\"ImageObject\",\"inLanguage\":\"de\",\"@id\":\"https:\/\/www.lamello.hu\/de\/unsere-produkte\/mattina-2\/#primaryimage\",\"url\":\"https:\/\/www.lamello.hu\/wp-content\/uploads\/2023\/02\/8-Industrial-Style-Tall-Single-Room_Unnamed-Space-6.jpeg\",\"contentUrl\":\"https:\/\/www.lamello.hu\/wp-content\/uploads\/2023\/02\/8-Industrial-Style-Tall-Single-Room_Unnamed-Space-6.jpeg\",\"width\":3840,\"height\":2160},{\"@type\":\"BreadcrumbList\",\"@id\":\"https:\/\/www.lamello.hu\/de\/unsere-produkte\/mattina-2\/#breadcrumb\",\"itemListElement\":[{\"@type\":\"ListItem\",\"position\":1,\"name\":\"Home\",\"item\":\"https:\/\/www.lamello.hu\/de\/\"},{\"@type\":\"ListItem\",\"position\":2,\"name\":\"Unsere Produkte\",\"item\":\"https:\/\/www.lamello.hu\/de\/unsere-produkte\/\"},{\"@type\":\"ListItem\",\"position\":3,\"name\":\"Eastwood\"}]},{\"@type\":\"WebSite\",\"@id\":\"https:\/\/www.lamello.hu\/#website\",\"url\":\"https:\/\/www.lamello.hu\/\",\"name\":\"Lamello\",\"description\":\"B\u00fator\",\"potentialAction\":[{\"@type\":\"SearchAction\",\"target\":{\"@type\":\"EntryPoint\",\"urlTemplate\":\"https:\/\/www.lamello.hu\/?s={search_term_string}\"},\"query-input\":{\"@type\":\"PropertyValueSpecification\",\"valueRequired\":true,\"valueName\":\"search_term_string\"}}],\"inLanguage\":\"de\"}]}<\/script>\n<!-- \/ Yoast SEO plugin. -->","yoast_head_json":{"title":"Eastwood - Lamello","robots":{"index":"index","follow":"follow","max-snippet":"max-snippet:-1","max-image-preview":"max-image-preview:large","max-video-preview":"max-video-preview:-1"},"canonical":"https:\/\/www.lamello.hu\/de\/unsere-produkte\/mattina-2\/","og_locale":"de_DE","og_type":"article","og_title":"Eastwood - Lamello","og_description":"Die M\u00f6belfamilie zeichnet sich durch klare Linien aus, die durch das extravagante graue Gussglas noch verst\u00e4rkt werden. Die Esstische sind f\u00fcr Ihren h\u00f6chsten Komfort ausgelegt, da diese durch die versteckten Tischplatten erweitert werden k\u00f6nnen, im t\u00e4glichen Gebrauch aber Platz sparen. Das Wohnzimmerm\u00f6bel ist f\u00fcr die Liebhaber der Technik, weil durch die versteckte Kabelanordnung kein einziges [&hellip;]","og_url":"https:\/\/www.lamello.hu\/de\/unsere-produkte\/mattina-2\/","og_site_name":"Lamello","article_modified_time":"2025-07-24T06:13:13+00:00","og_image":[{"width":1024,"height":576,"url":"https:\/\/www.lamello.hu\/wp-content\/uploads\/2023\/02\/8-Industrial-Style-Tall-Single-Room_Unnamed-Space-6-1024x576.jpeg","type":"image\/jpeg"}],"twitter_card":"summary_large_image","twitter_misc":{"Gesch\u00e4tzte Lesezeit":"1\u00a0Minute"},"schema":{"@context":"https:\/\/schema.org","@graph":[{"@type":"WebPage","@id":"https:\/\/www.lamello.hu\/de\/unsere-produkte\/mattina-2\/","url":"https:\/\/www.lamello.hu\/de\/unsere-produkte\/mattina-2\/","name":"Eastwood - Lamello","isPartOf":{"@id":"https:\/\/www.lamello.hu\/#website"},"primaryImageOfPage":{"@id":"https:\/\/www.lamello.hu\/de\/unsere-produkte\/mattina-2\/#primaryimage"},"image":{"@id":"https:\/\/www.lamello.hu\/de\/unsere-produkte\/mattina-2\/#primaryimage"},"thumbnailUrl":"https:\/\/www.lamello.hu\/wp-content\/uploads\/2023\/02\/8-Industrial-Style-Tall-Single-Room_Unnamed-Space-6.jpeg","datePublished":"2023-02-22T14:16:42+00:00","dateModified":"2025-07-24T06:13:13+00:00","breadcrumb":{"@id":"https:\/\/www.lamello.hu\/de\/unsere-produkte\/mattina-2\/#breadcrumb"},"inLanguage":"de","potentialAction":[{"@type":"ReadAction","target":["https:\/\/www.lamello.hu\/de\/unsere-produkte\/mattina-2\/"]}]},{"@type":"ImageObject","inLanguage":"de","@id":"https:\/\/www.lamello.hu\/de\/unsere-produkte\/mattina-2\/#primaryimage","url":"https:\/\/www.lamello.hu\/wp-content\/uploads\/2023\/02\/8-Industrial-Style-Tall-Single-Room_Unnamed-Space-6.jpeg","contentUrl":"https:\/\/www.lamello.hu\/wp-content\/uploads\/2023\/02\/8-Industrial-Style-Tall-Single-Room_Unnamed-Space-6.jpeg","width":3840,"height":2160},{"@type":"BreadcrumbList","@id":"https:\/\/www.lamello.hu\/de\/unsere-produkte\/mattina-2\/#breadcrumb","itemListElement":[{"@type":"ListItem","position":1,"name":"Home","item":"https:\/\/www.lamello.hu\/de\/"},{"@type":"ListItem","position":2,"name":"Unsere Produkte","item":"https:\/\/www.lamello.hu\/de\/unsere-produkte\/"},{"@type":"ListItem","position":3,"name":"Eastwood"}]},{"@type":"WebSite","@id":"https:\/\/www.lamello.hu\/#website","url":"https:\/\/www.lamello.hu\/","name":"Lamello","description":"B\u00fator","potentialAction":[{"@type":"SearchAction","target":{"@type":"EntryPoint","urlTemplate":"https:\/\/www.lamello.hu\/?s={search_term_string}"},"query-input":{"@type":"PropertyValueSpecification","valueRequired":true,"valueName":"search_term_string"}}],"inLanguage":"de"}]}},"_links":{"self":[{"href":"https:\/\/www.lamello.hu\/de\/wp-json\/wp\/v2\/pages\/13720","targetHints":{"allow":["GET"]}}],"collection":[{"href":"https:\/\/www.lamello.hu\/de\/wp-json\/wp\/v2\/pages"}],"about":[{"href":"https:\/\/www.lamello.hu\/de\/wp-json\/wp\/v2\/types\/page"}],"author":[{"embeddable":true,"href":"https:\/\/www.lamello.hu\/de\/wp-json\/wp\/v2\/users\/1"}],"replies":[{"embeddable":true,"href":"https:\/\/www.lamello.hu\/de\/wp-json\/wp\/v2\/comments?post=13720"}],"version-history":[{"count":5,"href":"https:\/\/www.lamello.hu\/de\/wp-json\/wp\/v2\/pages\/13720\/revisions"}],"predecessor-version":[{"id":15720,"href":"https:\/\/www.lamello.hu\/de\/wp-json\/wp\/v2\/pages\/13720\/revisions\/15720"}],"up":[{"embeddable":true,"href":"https:\/\/www.lamello.hu\/de\/wp-json\/wp\/v2\/pages\/1348"}],"wp:featuredmedia":[{"embeddable":true,"href":"https:\/\/www.lamello.hu\/de\/wp-json\/wp\/v2\/media\/15220"}],"wp:attachment":[{"href":"https:\/\/www.lamello.hu\/de\/wp-json\/wp\/v2\/media?parent=13720"}],"curies":[{"name":"wp","href":"https:\/\/api.w.org\/{rel}","templated":true}]}}