{"id":15492,"date":"2025-07-04T07:51:29","date_gmt":"2025-07-04T07:51:29","guid":{"rendered":"https:\/\/www.lamello.hu\/unsere-produkte\/x-line\/"},"modified":"2025-07-24T06:07:09","modified_gmt":"2025-07-24T06:07:09","slug":"x-line","status":"publish","type":"page","link":"https:\/\/www.lamello.hu\/de\/unsere-produkte\/x-line\/","title":{"rendered":"X-Line"},"content":{"rendered":"<p>Unsere X-LINE Design-Tischserie ist da!<br \/>\nMit seinen luftigen Linien ist er ein echtes Highlight im Esszimmer und im Wohnzimmer!<br \/>\nW\u00e4hlen Sie das Modell, das zu Ihnen passt: Eiche, Walnuss oder Buche. Der Deckel kann rund, oval oder sogar quadratisch sein. Die Farbe des Glases ist transparent oder braun gef\u00e4rbt.<\/p>\n","protected":false},"excerpt":{"rendered":"<p>Unsere X-LINE Design-Tischserie ist da! Mit seinen luftigen Linien ist er ein echtes Highlight im Esszimmer und im Wohnzimmer! W\u00e4hlen Sie das Modell, das zu Ihnen passt: Eiche, Walnuss oder Buche. Der Deckel kann rund, oval oder sogar quadratisch sein. Die Farbe des Glases ist transparent oder braun gef\u00e4rbt.<\/p>\n","protected":false},"author":1,"featured_media":15308,"parent":1348,"menu_order":2,"comment_status":"open","ping_status":"open","template":"page-templates\/page-termekcsalad.php","meta":{"_acf_changed":false,"footnotes":""},"class_list":["post-15492","page","type-page","status-publish","has-post-thumbnail","hentry"],"acf":[],"yoast_head":"<!-- This site is optimized with the Yoast SEO plugin v26.0 - https:\/\/yoast.com\/wordpress\/plugins\/seo\/ -->\n<title>X-Line - Lamello<\/title>\n<meta name=\"robots\" content=\"index, follow, max-snippet:-1, max-image-preview:large, max-video-preview:-1\" \/>\n<link rel=\"canonical\" href=\"https:\/\/www.lamello.hu\/de\/unsere-produkte\/x-line\/\" \/>\n<meta property=\"og:locale\" content=\"de_DE\" \/>\n<meta property=\"og:type\" content=\"article\" \/>\n<meta property=\"og:title\" content=\"X-Line - Lamello\" \/>\n<meta property=\"og:description\" content=\"Unsere X-LINE Design-Tischserie ist da! Mit seinen luftigen Linien ist er ein echtes Highlight im Esszimmer und im Wohnzimmer! W\u00e4hlen Sie das Modell, das zu Ihnen passt: Eiche, Walnuss oder Buche. Der Deckel kann rund, oval oder sogar quadratisch sein. Die Farbe des Glases ist transparent oder braun gef\u00e4rbt.\" \/>\n<meta property=\"og:url\" content=\"https:\/\/www.lamello.hu\/de\/unsere-produkte\/x-line\/\" \/>\n<meta property=\"og:site_name\" content=\"Lamello\" \/>\n<meta property=\"article:modified_time\" content=\"2025-07-24T06:07:09+00:00\" \/>\n<meta property=\"og:image\" content=\"https:\/\/www.lamello.hu\/wp-content\/uploads\/2017\/12\/X-Line_04_Bor\u00edt\u00f3k\u00e9p.jpg\" \/>\n\t<meta property=\"og:image:width\" content=\"2560\" \/>\n\t<meta property=\"og:image:height\" content=\"2048\" \/>\n\t<meta property=\"og:image:type\" content=\"image\/jpeg\" \/>\n<meta name=\"twitter:card\" content=\"summary_large_image\" \/>\n<meta name=\"twitter:label1\" content=\"Gesch\u00e4tzte Lesezeit\" \/>\n\t<meta name=\"twitter:data1\" content=\"1\u00a0Minute\" \/>\n<script type=\"application\/ld+json\" class=\"yoast-schema-graph\">{\"@context\":\"https:\/\/schema.org\",\"@graph\":[{\"@type\":\"WebPage\",\"@id\":\"https:\/\/www.lamello.hu\/de\/unsere-produkte\/x-line\/\",\"url\":\"https:\/\/www.lamello.hu\/de\/unsere-produkte\/x-line\/\",\"name\":\"X-Line - Lamello\",\"isPartOf\":{\"@id\":\"https:\/\/www.lamello.hu\/#website\"},\"primaryImageOfPage\":{\"@id\":\"https:\/\/www.lamello.hu\/de\/unsere-produkte\/x-line\/#primaryimage\"},\"image\":{\"@id\":\"https:\/\/www.lamello.hu\/de\/unsere-produkte\/x-line\/#primaryimage\"},\"thumbnailUrl\":\"https:\/\/www.lamello.hu\/wp-content\/uploads\/2017\/12\/X-Line_04_Bor\u00edt\u00f3k\u00e9p.jpg\",\"datePublished\":\"2025-07-04T07:51:29+00:00\",\"dateModified\":\"2025-07-24T06:07:09+00:00\",\"breadcrumb\":{\"@id\":\"https:\/\/www.lamello.hu\/de\/unsere-produkte\/x-line\/#breadcrumb\"},\"inLanguage\":\"de\",\"potentialAction\":[{\"@type\":\"ReadAction\",\"target\":[\"https:\/\/www.lamello.hu\/de\/unsere-produkte\/x-line\/\"]}]},{\"@type\":\"ImageObject\",\"inLanguage\":\"de\",\"@id\":\"https:\/\/www.lamello.hu\/de\/unsere-produkte\/x-line\/#primaryimage\",\"url\":\"https:\/\/www.lamello.hu\/wp-content\/uploads\/2017\/12\/X-Line_04_Bor\u00edt\u00f3k\u00e9p.jpg\",\"contentUrl\":\"https:\/\/www.lamello.hu\/wp-content\/uploads\/2017\/12\/X-Line_04_Bor\u00edt\u00f3k\u00e9p.jpg\",\"width\":2560,\"height\":2048},{\"@type\":\"BreadcrumbList\",\"@id\":\"https:\/\/www.lamello.hu\/de\/unsere-produkte\/x-line\/#breadcrumb\",\"itemListElement\":[{\"@type\":\"ListItem\",\"position\":1,\"name\":\"Home\",\"item\":\"https:\/\/www.lamello.hu\/de\/\"},{\"@type\":\"ListItem\",\"position\":2,\"name\":\"Unsere Produkte\",\"item\":\"https:\/\/www.lamello.hu\/de\/unsere-produkte\/\"},{\"@type\":\"ListItem\",\"position\":3,\"name\":\"X-Line\"}]},{\"@type\":\"WebSite\",\"@id\":\"https:\/\/www.lamello.hu\/#website\",\"url\":\"https:\/\/www.lamello.hu\/\",\"name\":\"Lamello\",\"description\":\"B\u00fator\",\"potentialAction\":[{\"@type\":\"SearchAction\",\"target\":{\"@type\":\"EntryPoint\",\"urlTemplate\":\"https:\/\/www.lamello.hu\/?s={search_term_string}\"},\"query-input\":{\"@type\":\"PropertyValueSpecification\",\"valueRequired\":true,\"valueName\":\"search_term_string\"}}],\"inLanguage\":\"de\"}]}<\/script>\n<!-- \/ Yoast SEO plugin. -->","yoast_head_json":{"title":"X-Line - Lamello","robots":{"index":"index","follow":"follow","max-snippet":"max-snippet:-1","max-image-preview":"max-image-preview:large","max-video-preview":"max-video-preview:-1"},"canonical":"https:\/\/www.lamello.hu\/de\/unsere-produkte\/x-line\/","og_locale":"de_DE","og_type":"article","og_title":"X-Line - Lamello","og_description":"Unsere X-LINE Design-Tischserie ist da! Mit seinen luftigen Linien ist er ein echtes Highlight im Esszimmer und im Wohnzimmer! W\u00e4hlen Sie das Modell, das zu Ihnen passt: Eiche, Walnuss oder Buche. Der Deckel kann rund, oval oder sogar quadratisch sein. Die Farbe des Glases ist transparent oder braun gef\u00e4rbt.","og_url":"https:\/\/www.lamello.hu\/de\/unsere-produkte\/x-line\/","og_site_name":"Lamello","article_modified_time":"2025-07-24T06:07:09+00:00","og_image":[{"width":2560,"height":2048,"url":"https:\/\/www.lamello.hu\/wp-content\/uploads\/2017\/12\/X-Line_04_Bor\u00edt\u00f3k\u00e9p.jpg","type":"image\/jpeg"}],"twitter_card":"summary_large_image","twitter_misc":{"Gesch\u00e4tzte Lesezeit":"1\u00a0Minute"},"schema":{"@context":"https:\/\/schema.org","@graph":[{"@type":"WebPage","@id":"https:\/\/www.lamello.hu\/de\/unsere-produkte\/x-line\/","url":"https:\/\/www.lamello.hu\/de\/unsere-produkte\/x-line\/","name":"X-Line - Lamello","isPartOf":{"@id":"https:\/\/www.lamello.hu\/#website"},"primaryImageOfPage":{"@id":"https:\/\/www.lamello.hu\/de\/unsere-produkte\/x-line\/#primaryimage"},"image":{"@id":"https:\/\/www.lamello.hu\/de\/unsere-produkte\/x-line\/#primaryimage"},"thumbnailUrl":"https:\/\/www.lamello.hu\/wp-content\/uploads\/2017\/12\/X-Line_04_Bor\u00edt\u00f3k\u00e9p.jpg","datePublished":"2025-07-04T07:51:29+00:00","dateModified":"2025-07-24T06:07:09+00:00","breadcrumb":{"@id":"https:\/\/www.lamello.hu\/de\/unsere-produkte\/x-line\/#breadcrumb"},"inLanguage":"de","potentialAction":[{"@type":"ReadAction","target":["https:\/\/www.lamello.hu\/de\/unsere-produkte\/x-line\/"]}]},{"@type":"ImageObject","inLanguage":"de","@id":"https:\/\/www.lamello.hu\/de\/unsere-produkte\/x-line\/#primaryimage","url":"https:\/\/www.lamello.hu\/wp-content\/uploads\/2017\/12\/X-Line_04_Bor\u00edt\u00f3k\u00e9p.jpg","contentUrl":"https:\/\/www.lamello.hu\/wp-content\/uploads\/2017\/12\/X-Line_04_Bor\u00edt\u00f3k\u00e9p.jpg","width":2560,"height":2048},{"@type":"BreadcrumbList","@id":"https:\/\/www.lamello.hu\/de\/unsere-produkte\/x-line\/#breadcrumb","itemListElement":[{"@type":"ListItem","position":1,"name":"Home","item":"https:\/\/www.lamello.hu\/de\/"},{"@type":"ListItem","position":2,"name":"Unsere Produkte","item":"https:\/\/www.lamello.hu\/de\/unsere-produkte\/"},{"@type":"ListItem","position":3,"name":"X-Line"}]},{"@type":"WebSite","@id":"https:\/\/www.lamello.hu\/#website","url":"https:\/\/www.lamello.hu\/","name":"Lamello","description":"B\u00fator","potentialAction":[{"@type":"SearchAction","target":{"@type":"EntryPoint","urlTemplate":"https:\/\/www.lamello.hu\/?s={search_term_string}"},"query-input":{"@type":"PropertyValueSpecification","valueRequired":true,"valueName":"search_term_string"}}],"inLanguage":"de"}]}},"_links":{"self":[{"href":"https:\/\/www.lamello.hu\/de\/wp-json\/wp\/v2\/pages\/15492","targetHints":{"allow":["GET"]}}],"collection":[{"href":"https:\/\/www.lamello.hu\/de\/wp-json\/wp\/v2\/pages"}],"about":[{"href":"https:\/\/www.lamello.hu\/de\/wp-json\/wp\/v2\/types\/page"}],"author":[{"embeddable":true,"href":"https:\/\/www.lamello.hu\/de\/wp-json\/wp\/v2\/users\/1"}],"replies":[{"embeddable":true,"href":"https:\/\/www.lamello.hu\/de\/wp-json\/wp\/v2\/comments?post=15492"}],"version-history":[{"count":3,"href":"https:\/\/www.lamello.hu\/de\/wp-json\/wp\/v2\/pages\/15492\/revisions"}],"predecessor-version":[{"id":15715,"href":"https:\/\/www.lamello.hu\/de\/wp-json\/wp\/v2\/pages\/15492\/revisions\/15715"}],"up":[{"embeddable":true,"href":"https:\/\/www.lamello.hu\/de\/wp-json\/wp\/v2\/pages\/1348"}],"wp:featuredmedia":[{"embeddable":true,"href":"https:\/\/www.lamello.hu\/de\/wp-json\/wp\/v2\/media\/15308"}],"wp:attachment":[{"href":"https:\/\/www.lamello.hu\/de\/wp-json\/wp\/v2\/media?parent=15492"}],"curies":[{"name":"wp","href":"https:\/\/api.w.org\/{rel}","templated":true}]}}