{"id":15496,"date":"2025-07-04T07:51:30","date_gmt":"2025-07-04T07:51:30","guid":{"rendered":"https:\/\/www.lamello.hu\/unsere-produkte\/elo\/"},"modified":"2025-07-24T05:59:28","modified_gmt":"2025-07-24T05:59:28","slug":"elo","status":"publish","type":"page","link":"https:\/\/www.lamello.hu\/de\/unsere-produkte\/elo\/","title":{"rendered":"Elo"},"content":{"rendered":"<p>Die M\u00f6belserie von Elo ist das j\u00fcngste Ergebnis einer designorientierten Planung. Sie beeindruckt durch ihre Modernit\u00e4t und Originalit\u00e4t und ist damit der Gipfel des zeitgen\u00f6ssischen M\u00f6beldesigns. Ihr Aussehen schafft eine Stimmung und erf\u00fcllt den Wunsch vieler Menschen: Harmonie mit der Natur. Die charaktervollen und einzigartigen St\u00fccke aus Eichenholz bieten auch einen erheblichen Mehrwert durch ihre praktischen Funktionen und die besonderen Designdetails machen sie zu einem echten Blickfang in jedem Raum.   <\/p>\n","protected":false},"excerpt":{"rendered":"<p>Die M\u00f6belserie von Elo ist das j\u00fcngste Ergebnis einer designorientierten Planung. Sie beeindruckt durch ihre Modernit\u00e4t und Originalit\u00e4t und ist damit der Gipfel des zeitgen\u00f6ssischen M\u00f6beldesigns. Ihr Aussehen schafft eine Stimmung und erf\u00fcllt den Wunsch vieler Menschen: Harmonie mit der Natur. Die charaktervollen und einzigartigen St\u00fccke aus Eichenholz bieten auch einen erheblichen Mehrwert durch ihre [&hellip;]<\/p>\n","protected":false},"author":1,"featured_media":15290,"parent":1348,"menu_order":0,"comment_status":"closed","ping_status":"closed","template":"page-templates\/page-termekcsalad.php","meta":{"_acf_changed":false,"footnotes":""},"class_list":["post-15496","page","type-page","status-publish","has-post-thumbnail","hentry"],"acf":[],"yoast_head":"<!-- This site is optimized with the Yoast SEO plugin v26.0 - https:\/\/yoast.com\/wordpress\/plugins\/seo\/ -->\n<title>Elo - Lamello<\/title>\n<meta name=\"robots\" content=\"index, follow, max-snippet:-1, max-image-preview:large, max-video-preview:-1\" \/>\n<link rel=\"canonical\" href=\"https:\/\/www.lamello.hu\/de\/unsere-produkte\/elo\/\" \/>\n<meta property=\"og:locale\" content=\"de_DE\" \/>\n<meta property=\"og:type\" content=\"article\" \/>\n<meta property=\"og:title\" content=\"Elo - Lamello\" \/>\n<meta property=\"og:description\" content=\"Die M\u00f6belserie von Elo ist das j\u00fcngste Ergebnis einer designorientierten Planung. Sie beeindruckt durch ihre Modernit\u00e4t und Originalit\u00e4t und ist damit der Gipfel des zeitgen\u00f6ssischen M\u00f6beldesigns. Ihr Aussehen schafft eine Stimmung und erf\u00fcllt den Wunsch vieler Menschen: Harmonie mit der Natur. Die charaktervollen und einzigartigen St\u00fccke aus Eichenholz bieten auch einen erheblichen Mehrwert durch ihre [&hellip;]\" \/>\n<meta property=\"og:url\" content=\"https:\/\/www.lamello.hu\/de\/unsere-produkte\/elo\/\" \/>\n<meta property=\"og:site_name\" content=\"Lamello\" \/>\n<meta property=\"article:modified_time\" content=\"2025-07-24T05:59:28+00:00\" \/>\n<meta property=\"og:image\" content=\"https:\/\/www.lamello.hu\/wp-content\/uploads\/2018\/06\/ELO_04_Bor\u00edt\u00f3k\u00e9p-1024x576.jpeg\" \/>\n\t<meta property=\"og:image:width\" content=\"1024\" \/>\n\t<meta property=\"og:image:height\" content=\"576\" \/>\n\t<meta property=\"og:image:type\" content=\"image\/jpeg\" \/>\n<meta name=\"twitter:card\" content=\"summary_large_image\" \/>\n<meta name=\"twitter:label1\" content=\"Gesch\u00e4tzte Lesezeit\" \/>\n\t<meta name=\"twitter:data1\" content=\"1\u00a0Minute\" \/>\n<script type=\"application\/ld+json\" class=\"yoast-schema-graph\">{\"@context\":\"https:\/\/schema.org\",\"@graph\":[{\"@type\":\"WebPage\",\"@id\":\"https:\/\/www.lamello.hu\/de\/unsere-produkte\/elo\/\",\"url\":\"https:\/\/www.lamello.hu\/de\/unsere-produkte\/elo\/\",\"name\":\"Elo - Lamello\",\"isPartOf\":{\"@id\":\"https:\/\/www.lamello.hu\/#website\"},\"primaryImageOfPage\":{\"@id\":\"https:\/\/www.lamello.hu\/de\/unsere-produkte\/elo\/#primaryimage\"},\"image\":{\"@id\":\"https:\/\/www.lamello.hu\/de\/unsere-produkte\/elo\/#primaryimage\"},\"thumbnailUrl\":\"https:\/\/www.lamello.hu\/wp-content\/uploads\/2018\/06\/ELO_04_Bor\u00edt\u00f3k\u00e9p.jpeg\",\"datePublished\":\"2025-07-04T07:51:30+00:00\",\"dateModified\":\"2025-07-24T05:59:28+00:00\",\"breadcrumb\":{\"@id\":\"https:\/\/www.lamello.hu\/de\/unsere-produkte\/elo\/#breadcrumb\"},\"inLanguage\":\"de\",\"potentialAction\":[{\"@type\":\"ReadAction\",\"target\":[\"https:\/\/www.lamello.hu\/de\/unsere-produkte\/elo\/\"]}]},{\"@type\":\"ImageObject\",\"inLanguage\":\"de\",\"@id\":\"https:\/\/www.lamello.hu\/de\/unsere-produkte\/elo\/#primaryimage\",\"url\":\"https:\/\/www.lamello.hu\/wp-content\/uploads\/2018\/06\/ELO_04_Bor\u00edt\u00f3k\u00e9p.jpeg\",\"contentUrl\":\"https:\/\/www.lamello.hu\/wp-content\/uploads\/2018\/06\/ELO_04_Bor\u00edt\u00f3k\u00e9p.jpeg\",\"width\":3840,\"height\":2160},{\"@type\":\"BreadcrumbList\",\"@id\":\"https:\/\/www.lamello.hu\/de\/unsere-produkte\/elo\/#breadcrumb\",\"itemListElement\":[{\"@type\":\"ListItem\",\"position\":1,\"name\":\"Home\",\"item\":\"https:\/\/www.lamello.hu\/de\/\"},{\"@type\":\"ListItem\",\"position\":2,\"name\":\"Unsere Produkte\",\"item\":\"https:\/\/www.lamello.hu\/de\/unsere-produkte\/\"},{\"@type\":\"ListItem\",\"position\":3,\"name\":\"Elo\"}]},{\"@type\":\"WebSite\",\"@id\":\"https:\/\/www.lamello.hu\/#website\",\"url\":\"https:\/\/www.lamello.hu\/\",\"name\":\"Lamello\",\"description\":\"B\u00fator\",\"potentialAction\":[{\"@type\":\"SearchAction\",\"target\":{\"@type\":\"EntryPoint\",\"urlTemplate\":\"https:\/\/www.lamello.hu\/?s={search_term_string}\"},\"query-input\":{\"@type\":\"PropertyValueSpecification\",\"valueRequired\":true,\"valueName\":\"search_term_string\"}}],\"inLanguage\":\"de\"}]}<\/script>\n<!-- \/ Yoast SEO plugin. -->","yoast_head_json":{"title":"Elo - Lamello","robots":{"index":"index","follow":"follow","max-snippet":"max-snippet:-1","max-image-preview":"max-image-preview:large","max-video-preview":"max-video-preview:-1"},"canonical":"https:\/\/www.lamello.hu\/de\/unsere-produkte\/elo\/","og_locale":"de_DE","og_type":"article","og_title":"Elo - Lamello","og_description":"Die M\u00f6belserie von Elo ist das j\u00fcngste Ergebnis einer designorientierten Planung. Sie beeindruckt durch ihre Modernit\u00e4t und Originalit\u00e4t und ist damit der Gipfel des zeitgen\u00f6ssischen M\u00f6beldesigns. Ihr Aussehen schafft eine Stimmung und erf\u00fcllt den Wunsch vieler Menschen: Harmonie mit der Natur. Die charaktervollen und einzigartigen St\u00fccke aus Eichenholz bieten auch einen erheblichen Mehrwert durch ihre [&hellip;]","og_url":"https:\/\/www.lamello.hu\/de\/unsere-produkte\/elo\/","og_site_name":"Lamello","article_modified_time":"2025-07-24T05:59:28+00:00","og_image":[{"width":1024,"height":576,"url":"https:\/\/www.lamello.hu\/wp-content\/uploads\/2018\/06\/ELO_04_Bor\u00edt\u00f3k\u00e9p-1024x576.jpeg","type":"image\/jpeg"}],"twitter_card":"summary_large_image","twitter_misc":{"Gesch\u00e4tzte Lesezeit":"1\u00a0Minute"},"schema":{"@context":"https:\/\/schema.org","@graph":[{"@type":"WebPage","@id":"https:\/\/www.lamello.hu\/de\/unsere-produkte\/elo\/","url":"https:\/\/www.lamello.hu\/de\/unsere-produkte\/elo\/","name":"Elo - Lamello","isPartOf":{"@id":"https:\/\/www.lamello.hu\/#website"},"primaryImageOfPage":{"@id":"https:\/\/www.lamello.hu\/de\/unsere-produkte\/elo\/#primaryimage"},"image":{"@id":"https:\/\/www.lamello.hu\/de\/unsere-produkte\/elo\/#primaryimage"},"thumbnailUrl":"https:\/\/www.lamello.hu\/wp-content\/uploads\/2018\/06\/ELO_04_Bor\u00edt\u00f3k\u00e9p.jpeg","datePublished":"2025-07-04T07:51:30+00:00","dateModified":"2025-07-24T05:59:28+00:00","breadcrumb":{"@id":"https:\/\/www.lamello.hu\/de\/unsere-produkte\/elo\/#breadcrumb"},"inLanguage":"de","potentialAction":[{"@type":"ReadAction","target":["https:\/\/www.lamello.hu\/de\/unsere-produkte\/elo\/"]}]},{"@type":"ImageObject","inLanguage":"de","@id":"https:\/\/www.lamello.hu\/de\/unsere-produkte\/elo\/#primaryimage","url":"https:\/\/www.lamello.hu\/wp-content\/uploads\/2018\/06\/ELO_04_Bor\u00edt\u00f3k\u00e9p.jpeg","contentUrl":"https:\/\/www.lamello.hu\/wp-content\/uploads\/2018\/06\/ELO_04_Bor\u00edt\u00f3k\u00e9p.jpeg","width":3840,"height":2160},{"@type":"BreadcrumbList","@id":"https:\/\/www.lamello.hu\/de\/unsere-produkte\/elo\/#breadcrumb","itemListElement":[{"@type":"ListItem","position":1,"name":"Home","item":"https:\/\/www.lamello.hu\/de\/"},{"@type":"ListItem","position":2,"name":"Unsere Produkte","item":"https:\/\/www.lamello.hu\/de\/unsere-produkte\/"},{"@type":"ListItem","position":3,"name":"Elo"}]},{"@type":"WebSite","@id":"https:\/\/www.lamello.hu\/#website","url":"https:\/\/www.lamello.hu\/","name":"Lamello","description":"B\u00fator","potentialAction":[{"@type":"SearchAction","target":{"@type":"EntryPoint","urlTemplate":"https:\/\/www.lamello.hu\/?s={search_term_string}"},"query-input":{"@type":"PropertyValueSpecification","valueRequired":true,"valueName":"search_term_string"}}],"inLanguage":"de"}]}},"_links":{"self":[{"href":"https:\/\/www.lamello.hu\/de\/wp-json\/wp\/v2\/pages\/15496","targetHints":{"allow":["GET"]}}],"collection":[{"href":"https:\/\/www.lamello.hu\/de\/wp-json\/wp\/v2\/pages"}],"about":[{"href":"https:\/\/www.lamello.hu\/de\/wp-json\/wp\/v2\/types\/page"}],"author":[{"embeddable":true,"href":"https:\/\/www.lamello.hu\/de\/wp-json\/wp\/v2\/users\/1"}],"replies":[{"embeddable":true,"href":"https:\/\/www.lamello.hu\/de\/wp-json\/wp\/v2\/comments?post=15496"}],"version-history":[{"count":2,"href":"https:\/\/www.lamello.hu\/de\/wp-json\/wp\/v2\/pages\/15496\/revisions"}],"predecessor-version":[{"id":15711,"href":"https:\/\/www.lamello.hu\/de\/wp-json\/wp\/v2\/pages\/15496\/revisions\/15711"}],"up":[{"embeddable":true,"href":"https:\/\/www.lamello.hu\/de\/wp-json\/wp\/v2\/pages\/1348"}],"wp:featuredmedia":[{"embeddable":true,"href":"https:\/\/www.lamello.hu\/de\/wp-json\/wp\/v2\/media\/15290"}],"wp:attachment":[{"href":"https:\/\/www.lamello.hu\/de\/wp-json\/wp\/v2\/media?parent=15496"}],"curies":[{"name":"wp","href":"https:\/\/api.w.org\/{rel}","templated":true}]}}