{"id":15709,"date":"2017-09-20T19:37:33","date_gmt":"2017-09-20T19:37:33","guid":{"rendered":"https:\/\/www.lamello.hu\/unsere-produkte\/alea\/"},"modified":"2025-07-24T05:57:01","modified_gmt":"2025-07-24T05:57:01","slug":"alea","status":"publish","type":"page","link":"https:\/\/www.lamello.hu\/de\/unsere-produkte\/alea\/","title":{"rendered":"Alea"},"content":{"rendered":"<p>Unser ALEA-Programm bietet eine L\u00f6sung f\u00fcr die Einrichtung des gesamten Wohn- und Esszimmers. Jedes St\u00fcck wird aus sorgf\u00e4ltig ausgew\u00e4hlter und getrockneter Eiche hergestellt.<\/p>\n<p>Die Oberfl\u00e4chen sind mit einem nat\u00fcrlichen \u00d6l behandelt, das in zwei Farben erh\u00e4ltlich ist: Natur ohne Farbstoffe und Braun mit Lichteffekt. ALEA Produkte sind f\u00fcr eine robuste Konstruktion und unersch\u00fctterliche Stabilit\u00e4t ausgelegt. Das macht diese M\u00f6bel nahezu unverw\u00fcstlich. Das Gleiche gilt f\u00fcr die Oberfl\u00e4chen, denn Massivholzm\u00f6bel k\u00f6nnen jedes Jahr neu ge\u00f6lt werden, und zwar auf ganz einfache Art und Weise, sogar zu Hause. Nach einer solchen Behandlung sind die Oberfl\u00e4chen fast vollst\u00e4ndig erneuert und kleinere Sch\u00e4den und Verschmutzungen k\u00f6nnen r\u00fcckstandslos entfernt werden.<\/p>\n<p>Die M\u00f6bel von ALEA sind von h\u00f6chster Qualit\u00e4t und stammen meist aus Deutschland. Die Hersteller bieten eine lebenslange Garantie auf die Fensterfl\u00fcgel. Alle T\u00fcren und Schubladen schlie\u00dfen sanft und sind leichtg\u00e4ngig. Die ausziehbaren Tische sind au\u00dferdem mit hochwertigen Aluminiumschienen ausgestattet, die leicht zu bedienen sind. Der Punkt kann mit ber\u00fchrungsgesteuerten LED-Leuchten, die als Option f\u00fcr Vitrinen erh\u00e4ltlich sind, auf I angehoben werden.<\/p>\n","protected":false},"excerpt":{"rendered":"<p>Unser ALEA-Programm bietet eine L\u00f6sung f\u00fcr die Einrichtung des gesamten Wohn- und Esszimmers. Jedes St\u00fcck wird aus sorgf\u00e4ltig ausgew\u00e4hlter und getrockneter Eiche hergestellt. Die Oberfl\u00e4chen sind mit einem nat\u00fcrlichen \u00d6l behandelt, das in zwei Farben erh\u00e4ltlich ist: Natur ohne Farbstoffe und Braun mit Lichteffekt. ALEA Produkte sind f\u00fcr eine robuste Konstruktion und unersch\u00fctterliche Stabilit\u00e4t ausgelegt. [&hellip;]<\/p>\n","protected":false},"author":1,"featured_media":14196,"parent":1348,"menu_order":0,"comment_status":"open","ping_status":"open","template":"page-templates\/page-termekcsalad.php","meta":{"_acf_changed":false,"footnotes":""},"class_list":["post-15709","page","type-page","status-publish","has-post-thumbnail","hentry"],"acf":[],"yoast_head":"<!-- This site is optimized with the Yoast SEO plugin v26.0 - https:\/\/yoast.com\/wordpress\/plugins\/seo\/ -->\n<title>Alea - Lamello<\/title>\n<meta name=\"robots\" content=\"index, follow, max-snippet:-1, max-image-preview:large, max-video-preview:-1\" \/>\n<link rel=\"canonical\" href=\"https:\/\/www.lamello.hu\/de\/unsere-produkte\/alea\/\" \/>\n<meta property=\"og:locale\" content=\"de_DE\" \/>\n<meta property=\"og:type\" content=\"article\" \/>\n<meta property=\"og:title\" content=\"Alea - Lamello\" \/>\n<meta property=\"og:description\" content=\"Unser ALEA-Programm bietet eine L\u00f6sung f\u00fcr die Einrichtung des gesamten Wohn- und Esszimmers. Jedes St\u00fcck wird aus sorgf\u00e4ltig ausgew\u00e4hlter und getrockneter Eiche hergestellt. Die Oberfl\u00e4chen sind mit einem nat\u00fcrlichen \u00d6l behandelt, das in zwei Farben erh\u00e4ltlich ist: Natur ohne Farbstoffe und Braun mit Lichteffekt. ALEA Produkte sind f\u00fcr eine robuste Konstruktion und unersch\u00fctterliche Stabilit\u00e4t ausgelegt. [&hellip;]\" \/>\n<meta property=\"og:url\" content=\"https:\/\/www.lamello.hu\/de\/unsere-produkte\/alea\/\" \/>\n<meta property=\"og:site_name\" content=\"Lamello\" \/>\n<meta property=\"article:modified_time\" content=\"2025-07-24T05:57:01+00:00\" \/>\n<meta property=\"og:image\" content=\"https:\/\/www.lamello.hu\/wp-content\/uploads\/2017\/09\/alea.jpg\" \/>\n\t<meta property=\"og:image:width\" content=\"1920\" \/>\n\t<meta property=\"og:image:height\" content=\"728\" \/>\n\t<meta property=\"og:image:type\" content=\"image\/jpeg\" \/>\n<meta name=\"twitter:card\" content=\"summary_large_image\" \/>\n<meta name=\"twitter:label1\" content=\"Gesch\u00e4tzte Lesezeit\" \/>\n\t<meta name=\"twitter:data1\" content=\"1\u00a0Minute\" \/>\n<script type=\"application\/ld+json\" class=\"yoast-schema-graph\">{\"@context\":\"https:\/\/schema.org\",\"@graph\":[{\"@type\":\"WebPage\",\"@id\":\"https:\/\/www.lamello.hu\/de\/unsere-produkte\/alea\/\",\"url\":\"https:\/\/www.lamello.hu\/de\/unsere-produkte\/alea\/\",\"name\":\"Alea - Lamello\",\"isPartOf\":{\"@id\":\"https:\/\/www.lamello.hu\/#website\"},\"primaryImageOfPage\":{\"@id\":\"https:\/\/www.lamello.hu\/de\/unsere-produkte\/alea\/#primaryimage\"},\"image\":{\"@id\":\"https:\/\/www.lamello.hu\/de\/unsere-produkte\/alea\/#primaryimage\"},\"thumbnailUrl\":\"https:\/\/www.lamello.hu\/wp-content\/uploads\/2017\/09\/alea.jpg\",\"datePublished\":\"2017-09-20T19:37:33+00:00\",\"dateModified\":\"2025-07-24T05:57:01+00:00\",\"breadcrumb\":{\"@id\":\"https:\/\/www.lamello.hu\/de\/unsere-produkte\/alea\/#breadcrumb\"},\"inLanguage\":\"de\",\"potentialAction\":[{\"@type\":\"ReadAction\",\"target\":[\"https:\/\/www.lamello.hu\/de\/unsere-produkte\/alea\/\"]}]},{\"@type\":\"ImageObject\",\"inLanguage\":\"de\",\"@id\":\"https:\/\/www.lamello.hu\/de\/unsere-produkte\/alea\/#primaryimage\",\"url\":\"https:\/\/www.lamello.hu\/wp-content\/uploads\/2017\/09\/alea.jpg\",\"contentUrl\":\"https:\/\/www.lamello.hu\/wp-content\/uploads\/2017\/09\/alea.jpg\",\"width\":1920,\"height\":728},{\"@type\":\"BreadcrumbList\",\"@id\":\"https:\/\/www.lamello.hu\/de\/unsere-produkte\/alea\/#breadcrumb\",\"itemListElement\":[{\"@type\":\"ListItem\",\"position\":1,\"name\":\"Home\",\"item\":\"https:\/\/www.lamello.hu\/de\/\"},{\"@type\":\"ListItem\",\"position\":2,\"name\":\"Unsere Produkte\",\"item\":\"https:\/\/www.lamello.hu\/de\/unsere-produkte\/\"},{\"@type\":\"ListItem\",\"position\":3,\"name\":\"Alea\"}]},{\"@type\":\"WebSite\",\"@id\":\"https:\/\/www.lamello.hu\/#website\",\"url\":\"https:\/\/www.lamello.hu\/\",\"name\":\"Lamello\",\"description\":\"B\u00fator\",\"potentialAction\":[{\"@type\":\"SearchAction\",\"target\":{\"@type\":\"EntryPoint\",\"urlTemplate\":\"https:\/\/www.lamello.hu\/?s={search_term_string}\"},\"query-input\":{\"@type\":\"PropertyValueSpecification\",\"valueRequired\":true,\"valueName\":\"search_term_string\"}}],\"inLanguage\":\"de\"}]}<\/script>\n<!-- \/ Yoast SEO plugin. -->","yoast_head_json":{"title":"Alea - Lamello","robots":{"index":"index","follow":"follow","max-snippet":"max-snippet:-1","max-image-preview":"max-image-preview:large","max-video-preview":"max-video-preview:-1"},"canonical":"https:\/\/www.lamello.hu\/de\/unsere-produkte\/alea\/","og_locale":"de_DE","og_type":"article","og_title":"Alea - Lamello","og_description":"Unser ALEA-Programm bietet eine L\u00f6sung f\u00fcr die Einrichtung des gesamten Wohn- und Esszimmers. Jedes St\u00fcck wird aus sorgf\u00e4ltig ausgew\u00e4hlter und getrockneter Eiche hergestellt. Die Oberfl\u00e4chen sind mit einem nat\u00fcrlichen \u00d6l behandelt, das in zwei Farben erh\u00e4ltlich ist: Natur ohne Farbstoffe und Braun mit Lichteffekt. ALEA Produkte sind f\u00fcr eine robuste Konstruktion und unersch\u00fctterliche Stabilit\u00e4t ausgelegt. [&hellip;]","og_url":"https:\/\/www.lamello.hu\/de\/unsere-produkte\/alea\/","og_site_name":"Lamello","article_modified_time":"2025-07-24T05:57:01+00:00","og_image":[{"width":1920,"height":728,"url":"https:\/\/www.lamello.hu\/wp-content\/uploads\/2017\/09\/alea.jpg","type":"image\/jpeg"}],"twitter_card":"summary_large_image","twitter_misc":{"Gesch\u00e4tzte Lesezeit":"1\u00a0Minute"},"schema":{"@context":"https:\/\/schema.org","@graph":[{"@type":"WebPage","@id":"https:\/\/www.lamello.hu\/de\/unsere-produkte\/alea\/","url":"https:\/\/www.lamello.hu\/de\/unsere-produkte\/alea\/","name":"Alea - Lamello","isPartOf":{"@id":"https:\/\/www.lamello.hu\/#website"},"primaryImageOfPage":{"@id":"https:\/\/www.lamello.hu\/de\/unsere-produkte\/alea\/#primaryimage"},"image":{"@id":"https:\/\/www.lamello.hu\/de\/unsere-produkte\/alea\/#primaryimage"},"thumbnailUrl":"https:\/\/www.lamello.hu\/wp-content\/uploads\/2017\/09\/alea.jpg","datePublished":"2017-09-20T19:37:33+00:00","dateModified":"2025-07-24T05:57:01+00:00","breadcrumb":{"@id":"https:\/\/www.lamello.hu\/de\/unsere-produkte\/alea\/#breadcrumb"},"inLanguage":"de","potentialAction":[{"@type":"ReadAction","target":["https:\/\/www.lamello.hu\/de\/unsere-produkte\/alea\/"]}]},{"@type":"ImageObject","inLanguage":"de","@id":"https:\/\/www.lamello.hu\/de\/unsere-produkte\/alea\/#primaryimage","url":"https:\/\/www.lamello.hu\/wp-content\/uploads\/2017\/09\/alea.jpg","contentUrl":"https:\/\/www.lamello.hu\/wp-content\/uploads\/2017\/09\/alea.jpg","width":1920,"height":728},{"@type":"BreadcrumbList","@id":"https:\/\/www.lamello.hu\/de\/unsere-produkte\/alea\/#breadcrumb","itemListElement":[{"@type":"ListItem","position":1,"name":"Home","item":"https:\/\/www.lamello.hu\/de\/"},{"@type":"ListItem","position":2,"name":"Unsere Produkte","item":"https:\/\/www.lamello.hu\/de\/unsere-produkte\/"},{"@type":"ListItem","position":3,"name":"Alea"}]},{"@type":"WebSite","@id":"https:\/\/www.lamello.hu\/#website","url":"https:\/\/www.lamello.hu\/","name":"Lamello","description":"B\u00fator","potentialAction":[{"@type":"SearchAction","target":{"@type":"EntryPoint","urlTemplate":"https:\/\/www.lamello.hu\/?s={search_term_string}"},"query-input":{"@type":"PropertyValueSpecification","valueRequired":true,"valueName":"search_term_string"}}],"inLanguage":"de"}]}},"_links":{"self":[{"href":"https:\/\/www.lamello.hu\/de\/wp-json\/wp\/v2\/pages\/15709","targetHints":{"allow":["GET"]}}],"collection":[{"href":"https:\/\/www.lamello.hu\/de\/wp-json\/wp\/v2\/pages"}],"about":[{"href":"https:\/\/www.lamello.hu\/de\/wp-json\/wp\/v2\/types\/page"}],"author":[{"embeddable":true,"href":"https:\/\/www.lamello.hu\/de\/wp-json\/wp\/v2\/users\/1"}],"replies":[{"embeddable":true,"href":"https:\/\/www.lamello.hu\/de\/wp-json\/wp\/v2\/comments?post=15709"}],"version-history":[{"count":1,"href":"https:\/\/www.lamello.hu\/de\/wp-json\/wp\/v2\/pages\/15709\/revisions"}],"predecessor-version":[{"id":15710,"href":"https:\/\/www.lamello.hu\/de\/wp-json\/wp\/v2\/pages\/15709\/revisions\/15710"}],"up":[{"embeddable":true,"href":"https:\/\/www.lamello.hu\/de\/wp-json\/wp\/v2\/pages\/1348"}],"wp:featuredmedia":[{"embeddable":true,"href":"https:\/\/www.lamello.hu\/de\/wp-json\/wp\/v2\/media\/14196"}],"wp:attachment":[{"href":"https:\/\/www.lamello.hu\/de\/wp-json\/wp\/v2\/media?parent=15709"}],"curies":[{"name":"wp","href":"https:\/\/api.w.org\/{rel}","templated":true}]}}