{"id":13706,"date":"2023-02-14T12:33:11","date_gmt":"2023-02-14T12:33:11","guid":{"rendered":"http:\/\/www.lamello.hu\/?page_id=13706"},"modified":"2025-07-23T10:23:09","modified_gmt":"2025-07-23T10:23:09","slug":"mattina","status":"publish","type":"page","link":"https:\/\/www.lamello.hu\/en\/our-products\/mattina\/","title":{"rendered":"Mattina"},"content":{"rendered":"<p>Elegant, clean, simple lines characterise our latest bedroom range, which embodies modernity and minimalism. You can order it in oak, but it&#8217;s also available in the inimitable and very elegant black walnut. An essential piece for modern interiors!<br \/>\nWhat adds to its character is the stunning silver bronze glass that can be applied to the front of bedside tables and dressers.<\/p>\n","protected":false},"excerpt":{"rendered":"<p>Elegant, clean, simple lines characterise our latest bedroom range, which embodies modernity and minimalism. You can order it in oak, but it&#8217;s also available in the inimitable and very elegant black walnut. An essential piece for modern interiors! What adds to its character is the stunning silver bronze glass that can be applied to the [&hellip;]<\/p>\n","protected":false},"author":1,"featured_media":15211,"parent":1296,"menu_order":6,"comment_status":"open","ping_status":"open","template":"page-templates\/page-termekcsalad.php","meta":{"_acf_changed":false,"footnotes":""},"class_list":["post-13706","page","type-page","status-publish","has-post-thumbnail","hentry"],"acf":[],"yoast_head":"<!-- This site is optimized with the Yoast SEO plugin v26.0 - https:\/\/yoast.com\/wordpress\/plugins\/seo\/ -->\n<title>Mattina - Lamello<\/title>\n<meta name=\"robots\" content=\"index, follow, max-snippet:-1, max-image-preview:large, max-video-preview:-1\" \/>\n<link rel=\"canonical\" href=\"https:\/\/www.lamello.hu\/en\/our-products\/mattina\/\" \/>\n<meta property=\"og:locale\" content=\"en_US\" \/>\n<meta property=\"og:type\" content=\"article\" \/>\n<meta property=\"og:title\" content=\"Mattina - Lamello\" \/>\n<meta property=\"og:description\" content=\"Elegant, clean, simple lines characterise our latest bedroom range, which embodies modernity and minimalism. You can order it in oak, but it&#8217;s also available in the inimitable and very elegant black walnut. An essential piece for modern interiors! What adds to its character is the stunning silver bronze glass that can be applied to the [&hellip;]\" \/>\n<meta property=\"og:url\" content=\"https:\/\/www.lamello.hu\/en\/our-products\/mattina\/\" \/>\n<meta property=\"og:site_name\" content=\"Lamello\" \/>\n<meta property=\"article:modified_time\" content=\"2025-07-23T10:23:09+00:00\" \/>\n<meta property=\"og:image\" content=\"https:\/\/www.lamello.hu\/wp-content\/uploads\/2017\/09\/Mattina-Di\u00f3-l\u00e1tv\u00e1ny-1024x768.jpeg\" \/>\n\t<meta property=\"og:image:width\" content=\"1024\" \/>\n\t<meta property=\"og:image:height\" content=\"768\" \/>\n\t<meta property=\"og:image:type\" content=\"image\/jpeg\" \/>\n<meta name=\"twitter:card\" content=\"summary_large_image\" \/>\n<meta name=\"twitter:label1\" content=\"Est. reading time\" \/>\n\t<meta name=\"twitter:data1\" content=\"1 minute\" \/>\n<script type=\"application\/ld+json\" class=\"yoast-schema-graph\">{\"@context\":\"https:\/\/schema.org\",\"@graph\":[{\"@type\":\"WebPage\",\"@id\":\"https:\/\/www.lamello.hu\/en\/our-products\/mattina\/\",\"url\":\"https:\/\/www.lamello.hu\/en\/our-products\/mattina\/\",\"name\":\"Mattina - Lamello\",\"isPartOf\":{\"@id\":\"https:\/\/www.lamello.hu\/#website\"},\"primaryImageOfPage\":{\"@id\":\"https:\/\/www.lamello.hu\/en\/our-products\/mattina\/#primaryimage\"},\"image\":{\"@id\":\"https:\/\/www.lamello.hu\/en\/our-products\/mattina\/#primaryimage\"},\"thumbnailUrl\":\"https:\/\/www.lamello.hu\/wp-content\/uploads\/2017\/09\/Mattina-Di\u00f3-l\u00e1tv\u00e1ny.jpeg\",\"datePublished\":\"2023-02-14T12:33:11+00:00\",\"dateModified\":\"2025-07-23T10:23:09+00:00\",\"breadcrumb\":{\"@id\":\"https:\/\/www.lamello.hu\/en\/our-products\/mattina\/#breadcrumb\"},\"inLanguage\":\"en-US\",\"potentialAction\":[{\"@type\":\"ReadAction\",\"target\":[\"https:\/\/www.lamello.hu\/en\/our-products\/mattina\/\"]}]},{\"@type\":\"ImageObject\",\"inLanguage\":\"en-US\",\"@id\":\"https:\/\/www.lamello.hu\/en\/our-products\/mattina\/#primaryimage\",\"url\":\"https:\/\/www.lamello.hu\/wp-content\/uploads\/2017\/09\/Mattina-Di\u00f3-l\u00e1tv\u00e1ny.jpeg\",\"contentUrl\":\"https:\/\/www.lamello.hu\/wp-content\/uploads\/2017\/09\/Mattina-Di\u00f3-l\u00e1tv\u00e1ny.jpeg\",\"width\":4000,\"height\":3000},{\"@type\":\"BreadcrumbList\",\"@id\":\"https:\/\/www.lamello.hu\/en\/our-products\/mattina\/#breadcrumb\",\"itemListElement\":[{\"@type\":\"ListItem\",\"position\":1,\"name\":\"Home\",\"item\":\"https:\/\/www.lamello.hu\/en\/\"},{\"@type\":\"ListItem\",\"position\":2,\"name\":\"Our Products\",\"item\":\"https:\/\/www.lamello.hu\/en\/our-products\/\"},{\"@type\":\"ListItem\",\"position\":3,\"name\":\"Mattina\"}]},{\"@type\":\"WebSite\",\"@id\":\"https:\/\/www.lamello.hu\/#website\",\"url\":\"https:\/\/www.lamello.hu\/\",\"name\":\"Lamello\",\"description\":\"B\u00fator\",\"potentialAction\":[{\"@type\":\"SearchAction\",\"target\":{\"@type\":\"EntryPoint\",\"urlTemplate\":\"https:\/\/www.lamello.hu\/?s={search_term_string}\"},\"query-input\":{\"@type\":\"PropertyValueSpecification\",\"valueRequired\":true,\"valueName\":\"search_term_string\"}}],\"inLanguage\":\"en-US\"}]}<\/script>\n<!-- \/ Yoast SEO plugin. -->","yoast_head_json":{"title":"Mattina - Lamello","robots":{"index":"index","follow":"follow","max-snippet":"max-snippet:-1","max-image-preview":"max-image-preview:large","max-video-preview":"max-video-preview:-1"},"canonical":"https:\/\/www.lamello.hu\/en\/our-products\/mattina\/","og_locale":"en_US","og_type":"article","og_title":"Mattina - Lamello","og_description":"Elegant, clean, simple lines characterise our latest bedroom range, which embodies modernity and minimalism. You can order it in oak, but it&#8217;s also available in the inimitable and very elegant black walnut. An essential piece for modern interiors! What adds to its character is the stunning silver bronze glass that can be applied to the [&hellip;]","og_url":"https:\/\/www.lamello.hu\/en\/our-products\/mattina\/","og_site_name":"Lamello","article_modified_time":"2025-07-23T10:23:09+00:00","og_image":[{"width":1024,"height":768,"url":"https:\/\/www.lamello.hu\/wp-content\/uploads\/2017\/09\/Mattina-Di\u00f3-l\u00e1tv\u00e1ny-1024x768.jpeg","type":"image\/jpeg"}],"twitter_card":"summary_large_image","twitter_misc":{"Est. reading time":"1 minute"},"schema":{"@context":"https:\/\/schema.org","@graph":[{"@type":"WebPage","@id":"https:\/\/www.lamello.hu\/en\/our-products\/mattina\/","url":"https:\/\/www.lamello.hu\/en\/our-products\/mattina\/","name":"Mattina - Lamello","isPartOf":{"@id":"https:\/\/www.lamello.hu\/#website"},"primaryImageOfPage":{"@id":"https:\/\/www.lamello.hu\/en\/our-products\/mattina\/#primaryimage"},"image":{"@id":"https:\/\/www.lamello.hu\/en\/our-products\/mattina\/#primaryimage"},"thumbnailUrl":"https:\/\/www.lamello.hu\/wp-content\/uploads\/2017\/09\/Mattina-Di\u00f3-l\u00e1tv\u00e1ny.jpeg","datePublished":"2023-02-14T12:33:11+00:00","dateModified":"2025-07-23T10:23:09+00:00","breadcrumb":{"@id":"https:\/\/www.lamello.hu\/en\/our-products\/mattina\/#breadcrumb"},"inLanguage":"en-US","potentialAction":[{"@type":"ReadAction","target":["https:\/\/www.lamello.hu\/en\/our-products\/mattina\/"]}]},{"@type":"ImageObject","inLanguage":"en-US","@id":"https:\/\/www.lamello.hu\/en\/our-products\/mattina\/#primaryimage","url":"https:\/\/www.lamello.hu\/wp-content\/uploads\/2017\/09\/Mattina-Di\u00f3-l\u00e1tv\u00e1ny.jpeg","contentUrl":"https:\/\/www.lamello.hu\/wp-content\/uploads\/2017\/09\/Mattina-Di\u00f3-l\u00e1tv\u00e1ny.jpeg","width":4000,"height":3000},{"@type":"BreadcrumbList","@id":"https:\/\/www.lamello.hu\/en\/our-products\/mattina\/#breadcrumb","itemListElement":[{"@type":"ListItem","position":1,"name":"Home","item":"https:\/\/www.lamello.hu\/en\/"},{"@type":"ListItem","position":2,"name":"Our Products","item":"https:\/\/www.lamello.hu\/en\/our-products\/"},{"@type":"ListItem","position":3,"name":"Mattina"}]},{"@type":"WebSite","@id":"https:\/\/www.lamello.hu\/#website","url":"https:\/\/www.lamello.hu\/","name":"Lamello","description":"B\u00fator","potentialAction":[{"@type":"SearchAction","target":{"@type":"EntryPoint","urlTemplate":"https:\/\/www.lamello.hu\/?s={search_term_string}"},"query-input":{"@type":"PropertyValueSpecification","valueRequired":true,"valueName":"search_term_string"}}],"inLanguage":"en-US"}]}},"_links":{"self":[{"href":"https:\/\/www.lamello.hu\/en\/wp-json\/wp\/v2\/pages\/13706","targetHints":{"allow":["GET"]}}],"collection":[{"href":"https:\/\/www.lamello.hu\/en\/wp-json\/wp\/v2\/pages"}],"about":[{"href":"https:\/\/www.lamello.hu\/en\/wp-json\/wp\/v2\/types\/page"}],"author":[{"embeddable":true,"href":"https:\/\/www.lamello.hu\/en\/wp-json\/wp\/v2\/users\/1"}],"replies":[{"embeddable":true,"href":"https:\/\/www.lamello.hu\/en\/wp-json\/wp\/v2\/comments?post=13706"}],"version-history":[{"count":4,"href":"https:\/\/www.lamello.hu\/en\/wp-json\/wp\/v2\/pages\/13706\/revisions"}],"predecessor-version":[{"id":15700,"href":"https:\/\/www.lamello.hu\/en\/wp-json\/wp\/v2\/pages\/13706\/revisions\/15700"}],"up":[{"embeddable":true,"href":"https:\/\/www.lamello.hu\/en\/wp-json\/wp\/v2\/pages\/1296"}],"wp:featuredmedia":[{"embeddable":true,"href":"https:\/\/www.lamello.hu\/en\/wp-json\/wp\/v2\/media\/15211"}],"wp:attachment":[{"href":"https:\/\/www.lamello.hu\/en\/wp-json\/wp\/v2\/media?parent=13706"}],"curies":[{"name":"wp","href":"https:\/\/api.w.org\/{rel}","templated":true}]}}